{"id":1392,"date":"2022-12-06T21:40:51","date_gmt":"2022-12-06T20:40:51","guid":{"rendered":"https:\/\/fine.ngo\/day-care\/"},"modified":"2023-05-30T21:56:02","modified_gmt":"2023-05-30T19:56:02","slug":"day-care","status":"publish","type":"page","link":"https:\/\/fine.ngo\/en\/day-care\/","title":{"rendered":"Day Care"},"content":{"rendered":"<section class=\"wpb-content-wrapper\"><p>[vc_row css_animation=&#8221;&#8221; row_type=&#8221;row&#8221; use_row_as_full_screen_section=&#8221;no&#8221; type=&#8221;grid&#8221; angled_section=&#8221;no&#8221; text_align=&#8221;left&#8221; background_image_as_pattern=&#8221;without_pattern&#8221; z_index=&#8221;&#8221; anchor=&#8221;home&#8221;][vc_column width=&#8221;1\/4&#8243; offset=&#8221;vc_hidden-xs&#8221;][vc_empty_space height=&#8221;430px&#8221;][vc_column_text]<\/p>\n<h3>Day Care<\/h3>\n<p>[\/vc_column_text][vc_empty_space height=&#8221;15px&#8221;][vc_column_text]A friendly place where we daily take care of 100 children from Ukraine aged 2 to 6 every day. [\/vc_column_text][\/vc_column][vc_column width=&#8221;3\/4&#8243; offset=&#8221;vc_hidden-xs&#8221;][vc_gallery interval=&#8221;3&#8243; images=&#8221;460,462,464,466,468,470,476,482&#8243; img_size=&#8221;full&#8221; onclick=&#8221;&#8221;][\/vc_column][\/vc_row][vc_row css_animation=&#8221;&#8221; row_type=&#8221;row&#8221; use_row_as_full_screen_section=&#8221;no&#8221; type=&#8221;full_width&#8221; angled_section=&#8221;no&#8221; text_align=&#8221;left&#8221; background_image_as_pattern=&#8221;without_pattern&#8221; z_index=&#8221;&#8221; anchor=&#8221;home&#8221;][vc_column offset=&#8221;vc_hidden-lg vc_hidden-md vc_hidden-sm&#8221;][vc_gallery interval=&#8221;3&#8243; images=&#8221;460,462,464,466,468,470,476,482&#8243; img_size=&#8221;full&#8221; onclick=&#8221;&#8221;][\/vc_column][\/vc_row][vc_row css_animation=&#8221;&#8221; row_type=&#8221;row&#8221; use_row_as_full_screen_section=&#8221;no&#8221; type=&#8221;grid&#8221; angled_section=&#8221;no&#8221; text_align=&#8221;left&#8221; background_image_as_pattern=&#8221;without_pattern&#8221; anchor=&#8221;o-nas&#8221; z_index=&#8221;&#8221; css=&#8221;.vc_custom_1653407808004{padding-top: 80px !important;}&#8221;][vc_column][vc_separator type=&#8221;normal&#8221;][\/vc_column][\/vc_row][vc_row css_animation=&#8221;&#8221; row_type=&#8221;row&#8221; use_row_as_full_screen_section=&#8221;no&#8221; type=&#8221;grid&#8221; angled_section=&#8221;no&#8221; text_align=&#8221;left&#8221; background_image_as_pattern=&#8221;without_pattern&#8221; anchor=&#8221;onas&#8221; css=&#8221;.vc_custom_1651582313665{padding-top: 30px !important;}&#8221; z_index=&#8221;&#8221;][vc_column width=&#8221;1\/4&#8243;][vc_column_text]<\/p>\n<h3>About the project<\/h3>\n<p>[\/vc_column_text][vc_empty_space][\/vc_column][vc_column width=&#8221;3\/4&#8243;][vc_row_inner row_type=&#8221;row&#8221; type=&#8221;full_width&#8221; text_align=&#8221;left&#8221; css_animation=&#8221;&#8221;][vc_column_inner width=&#8221;1\/2&#8243;][vc_empty_space height=&#8221;10px&#8221;][vc_column_text]<span style=\"font-weight: 400;\">The main goal of Day Care Krak\u00f3w is to provide Ukrainian families with free daycare and education for 100 children aged 2 to 6. For 9 hours a day (7:30 \u2013 17:30) from Monday to Friday, we create a safe space for children to process even the most difficult experiences. We employ professional, certified Ukrainian kindergarten teachers, babysitters, a speech therapist, and a child psychologist.Our preschoolers are prepared to continue their education in both Polish and Ukrainian schools. We have been located at Kamienica Hetma\u0144ska, Rynek G\u0142\u00f3wny 17 (entrance from ul. Bracka 4) since April 2022.<\/span><\/p>\n<p>&nbsp;<\/p>\n<p><br style=\"font-weight: 400;\" \/><br style=\"font-weight: 400;\" \/>[\/vc_column_text][\/vc_column_inner][vc_column_inner width=&#8221;1\/2&#8243;][vc_empty_space height=&#8221;10px&#8221;][vc_column_text]<span style=\"font-weight: 400;\"> We stand out for our exceptional care for children\u2019s psychological conditions and versatile growth through artistic education. We provide children with an attractive program of cultural, educational, musical and sports workshops. We try to support whole families and build a community based on kindness and trust. <\/span><\/p>\n<p>&nbsp;<\/p>\n<p><span style=\"font-weight: 400;\">Since June 2022, Day Care has been operating under the official patronage of Unicef. Our partner is IKEA, which has equipped the facility with all necessary furniture and accessories.<br \/>\n<\/span><\/p>\n<p><br style=\"font-weight: 400;\" \/><br style=\"font-weight: 400;\" \/>[\/vc_column_text][\/vc_column_inner][\/vc_row_inner][\/vc_column][\/vc_row][vc_row css_animation=&#8221;&#8221; row_type=&#8221;row&#8221; use_row_as_full_screen_section=&#8221;no&#8221; type=&#8221;grid&#8221; angled_section=&#8221;no&#8221; text_align=&#8221;left&#8221; background_image_as_pattern=&#8221;without_pattern&#8221; anchor=&#8221;o-nas&#8221; z_index=&#8221;&#8221; css=&#8221;.vc_custom_1653407808004{padding-top: 80px !important;}&#8221;][vc_column][vc_separator type=&#8221;normal&#8221;][\/vc_column][\/vc_row][vc_row css_animation=&#8221;&#8221; row_type=&#8221;row&#8221; use_row_as_full_screen_section=&#8221;no&#8221; type=&#8221;grid&#8221; angled_section=&#8221;no&#8221; text_align=&#8221;left&#8221; background_image_as_pattern=&#8221;without_pattern&#8221; anchor=&#8221;onas&#8221; css=&#8221;.vc_custom_1651582313665{padding-top: 30px !important;}&#8221; z_index=&#8221;&#8221;][vc_column width=&#8221;1\/4&#8243;][vc_column_text]<\/p>\n<h3>How it all started<\/h3>\n<p>[\/vc_column_text][vc_empty_space][\/vc_column][vc_column width=&#8221;3\/4&#8243;][vc_row_inner row_type=&#8221;row&#8221; type=&#8221;full_width&#8221; text_align=&#8221;left&#8221; css_animation=&#8221;&#8221;][vc_column_inner width=&#8221;1\/2&#8243;][vc_empty_space height=&#8221;10px&#8221;][vc_column_text]The Center of Small Meetings started in February 2022, when Krak\u00f3w received many war refugees daily who were trying to find a job or a place to stay in an unknown city and country. The center was created in response to the dramatic situation Ukrainian mothers found themselves in. How would they get through all those formalities being accompanied by small children, additionally complicated by the language barrier, and uncertainty? The main objective of Day Care Krak\u00f3w was to provide Ukrainian parents with free temporary daily care for 100 children.[\/vc_column_text][\/vc_column_inner][vc_column_inner width=&#8221;1\/2&#8243;][vc_empty_space height=&#8221;10px&#8221;][vc_column_text]<span style=\"font-weight: 400;\"> Day Care Krak\u00f3w is a project conceived by Karolina Bisping Adamik, who is currently the president of the FINE Foundation: the official center organizer. From day one many people and institutions have gotten involved in helping build the Day Care concept. Know-how and organizational support were offered by Krak\u00f3w&#8217;s facilities and cultural institutions including Pa\u0142ac pod Baranami (Under the Rams Palace), Pracownia Arete (Arete Workshop), Przedszkole Mali Przyjaciele (Little Friends Kindergarten), academic staff of theJagiellonian University, Krakowskie Biuro Festiwalowe (Krak\u00f3w Festival Office), various articles and activists from Krak\u00f3w, as well as countless private persons. <\/span>[\/vc_column_text][\/vc_column_inner][\/vc_row_inner][\/vc_column][\/vc_row][vc_row css_animation=&#8221;&#8221; row_type=&#8221;row&#8221; use_row_as_full_screen_section=&#8221;no&#8221; type=&#8221;full_width&#8221; angled_section=&#8221;no&#8221; text_align=&#8221;left&#8221; background_image_as_pattern=&#8221;without_pattern&#8221; css=&#8221;.vc_custom_1652406558314{padding-top: 100px !important;}&#8221; z_index=&#8221;&#8221;][vc_column][vc_gallery type=&#8221;flexslider_slide&#8221; interval=&#8221;5&#8243; images=&#8221;488,494,500,506,512&#8243; img_size=&#8221;full&#8221; onclick=&#8221;&#8221; direction_nav=&#8221;no&#8221; control_nav=&#8221;no&#8221;][\/vc_column][\/vc_row][vc_row css_animation=&#8221;&#8221; row_type=&#8221;row&#8221; use_row_as_full_screen_section=&#8221;no&#8221; type=&#8221;grid&#8221; angled_section=&#8221;no&#8221; text_align=&#8221;left&#8221; background_image_as_pattern=&#8221;without_pattern&#8221; anchor=&#8221;formularze&#8221; z_index=&#8221;&#8221; css=&#8221;.vc_custom_1651670503687{padding-top: 30px !important;}&#8221;][vc_column][vc_separator type=&#8221;normal&#8221; transparency=&#8221;0&#8243;][\/vc_column][\/vc_row][vc_row css_animation=&#8221;&#8221; row_type=&#8221;row&#8221; use_row_as_full_screen_section=&#8221;no&#8221; type=&#8221;grid&#8221; angled_section=&#8221;no&#8221; text_align=&#8221;left&#8221; background_image_as_pattern=&#8221;without_pattern&#8221; z_index=&#8221;&#8221;][vc_column width=&#8221;1\/4&#8243;][vc_column_text]<\/p>\n<h3>Forms<\/h3>\n<p>[\/vc_column_text][vc_empty_space][\/vc_column][vc_column width=&#8221;3\/4&#8243;][vc_empty_space height=&#8221;10px&#8221;][vc_row_inner row_type=&#8221;row&#8221; type=&#8221;full_width&#8221; text_align=&#8221;left&#8221; css_animation=&#8221;&#8221;][vc_column_inner width=&#8221;1\/3&#8243;][vc_column_text]<strong><a class=\"qbutton default wesprzyj\" href=\"https:\/\/forms.gle\/iaCkbx5TbPL6bQzP8\">Registration<\/a><\/strong>[\/vc_column_text][vc_empty_space height=&#8221;16px&#8221;][vc_column_text]Please register for classes for Ukrainian children aged 2 to 6.[\/vc_column_text][vc_empty_space][\/vc_column_inner][vc_column_inner width=&#8221;1\/3&#8243;][vc_column_text]<strong><a class=\"qbutton default wesprzyj\" href=\"https:\/\/docs.google.com\/forms\/d\/e\/1FAIpQLSc0qGytMBQq0_dL-ccs75CBrQj0M9S_lG43zTwZcik_3Z8awQ\/closedform\">For Volunteers<\/a><\/strong>[\/vc_column_text][vc_empty_space height=&#8221;16px&#8221;][vc_column_text]Please volunteer if you would like to help with childcare.[\/vc_column_text][vc_empty_space][\/vc_column_inner][vc_column_inner width=&#8221;1\/3&#8243;][vc_column_text]<strong><a class=\"qbutton default wesprzyj\" href=\"https:\/\/docs.google.com\/forms\/d\/e\/1FAIpQLSd7aONv7cNdkxaL--SBEqq9mLr4PQA-RgkF7T_9w3RsK2gCzw\/viewform\">For Instructors<\/a><\/strong>[\/vc_column_text][vc_empty_space height=&#8221;16px&#8221;][vc_column_text]We invite you to lead workshops.[\/vc_column_text][\/vc_column_inner][\/vc_row_inner][\/vc_column][\/vc_row][vc_row css_animation=&#8221;&#8221; row_type=&#8221;row&#8221; use_row_as_full_screen_section=&#8221;no&#8221; type=&#8221;grid&#8221; angled_section=&#8221;no&#8221; text_align=&#8221;left&#8221; background_image_as_pattern=&#8221;without_pattern&#8221; anchor=&#8221;faq&#8221; z_index=&#8221;&#8221; css=&#8221;.vc_custom_1651607852323{padding-top: 80px !important;}&#8221;][vc_column][vc_separator type=&#8221;normal&#8221;][\/vc_column][\/vc_row][vc_row css_animation=&#8221;&#8221; row_type=&#8221;row&#8221; use_row_as_full_screen_section=&#8221;no&#8221; type=&#8221;grid&#8221; angled_section=&#8221;no&#8221; text_align=&#8221;left&#8221; background_image_as_pattern=&#8221;without_pattern&#8221; anchor=&#8221;onas&#8221; css=&#8221;.vc_custom_1651582313665{padding-top: 30px !important;}&#8221; z_index=&#8221;&#8221;][vc_column width=&#8221;1\/4&#8243;][vc_column_text]<\/p>\n<h3>FAQ<\/h3>\n<p>[\/vc_column_text][vc_empty_space][\/vc_column][vc_column width=&#8221;3\/4&#8243;][vc_row_inner row_type=&#8221;row&#8221; type=&#8221;full_width&#8221; text_align=&#8221;left&#8221; css_animation=&#8221;&#8221;][vc_column_inner width=&#8221;1\/2&#8243;][vc_empty_space height=&#8221;10px&#8221;][vc_column_text]<strong> 1. In Kamienica Hetma\u0144ska, Main Square 17. You can enter the Day Care from ul. Bracka 4. We are on the second floor; the doorway is on the right-hand side at the end of the backyard.<\/strong><\/p>\n<p>&nbsp;<\/p>\n<p><strong> 2. What time do the classes happen?\u2028 <\/strong><br \/>\nWe are open from Monday to Friday from 7:30 till 17:30.<\/p>\n<p>&nbsp;<\/p>\n<p><strong> 3. How can I register my child?\u2028 <\/strong><br \/>\nPlease fill in the registration form on the Day Care website.<\/p>\n<p>&nbsp;<\/p>\n<p><strong> 4. Are classes free of charge?\u2028 <\/strong><br \/>\nYes, they are.<\/p>\n<p>&nbsp;<\/p>\n<p><strong>5. Will the child be provided with a warm meal?\u2028 <\/strong><br \/>\nYes, during his\/her stay, the child will be provided with 3 meals: breakfast, lunch, and a snack.<\/p>\n<p>&nbsp;<\/p>\n<p><strong> 6. Do the teachers speak Ukrainian?\u2028 <\/strong><br \/>\nYes, the children are taken care of by Ukrainian teachers.<\/p>\n<p>&nbsp;<\/p>\n<p><strong> 7. Does the center offer the support of child psychologist?\u2028 <\/strong><br \/>\nYes, the child psychologist is present in the center throughout the day.<\/p>\n<p>&nbsp;<\/p>\n<p><strong> 8. Are teachers qualified? \u2028 <\/strong><br \/>\nEach group is led by a certified pre-school teacher from Ukraine.[\/vc_column_text][\/vc_column_inner][vc_column_inner width=&#8221;1\/2&#8243;][vc_empty_space height=&#8221;10px&#8221;][vc_column_text]<strong> 9. How big are the groups?\u2028 <\/strong><br \/>\nDay Care comprises 4 groups with 25 children each.<\/p>\n<p>&nbsp;<\/p>\n<p><strong> 10. At what age can children attend your Center?\u2028 <\/strong><br \/>\nChildren aged 2 to 6 are welcomed.<\/p>\n<p>&nbsp;<\/p>\n<p><strong>11. What should a child wear for the classes?<br \/>\n<\/strong><br \/>\nComfortable clothes that can be stained with paint or other art supplies.<\/p>\n<p>&nbsp;<\/p>\n<p><strong> 12. Does the child need spare shoes for changing?\u2028 <\/strong><br \/>\nYes, a pair of spare shoes for changes is necessary.<\/p>\n<p>&nbsp;<\/p>\n<p><strong> 13. What will the children do during the day?\u2028 <\/strong><br \/>\nIn addition to free play the children will participate in several interesting and creative workshops. The children learn Ukrainian and Polish.<\/p>\n<p>&nbsp;<\/p>\n<p><strong> 14. How to get to the Day Care?\u2028 <\/strong><br \/>\nNThe nearest stop is on Plac Wszystkich \u015awi\u0119tych (All Saints Place). You can also take any bus or tram with stops around Planty Park (Teatr S\u0142owackiego, Poczta G\u0142\u00f3wna, Stary Kleparz, Basztowa, Bagatela, etc.), and then walk to the Market Square.<\/p>\n<p>&nbsp;<\/p>\n<p><strong> 15. Can I park near the place?\u2028 <\/strong><br \/>\nUnfortunately, the direct vicinity of the Market Square cannot be entered by car. Paid parking slots (paid via parking meters) are available on the streets approaching Planty Park.[\/vc_column_text][\/vc_column_inner][\/vc_row_inner][\/vc_column][\/vc_row][vc_row css_animation=&#8221;&#8221; row_type=&#8221;row&#8221; use_row_as_full_screen_section=&#8221;no&#8221; type=&#8221;grid&#8221; angled_section=&#8221;no&#8221; text_align=&#8221;left&#8221; background_image_as_pattern=&#8221;without_pattern&#8221; anchor=&#8221;informatory&#8221; z_index=&#8221;&#8221; css=&#8221;.vc_custom_1651607863290{padding-top: 80px !important;}&#8221;][vc_column][vc_separator type=&#8221;normal&#8221;][\/vc_column][\/vc_row][vc_row css_animation=&#8221;&#8221; row_type=&#8221;row&#8221; use_row_as_full_screen_section=&#8221;no&#8221; type=&#8221;grid&#8221; angled_section=&#8221;no&#8221; text_align=&#8221;left&#8221; background_image_as_pattern=&#8221;without_pattern&#8221; css=&#8221;.vc_custom_1661908080847{padding-top: 30px !important;padding-bottom: 100px !important;}&#8221; z_index=&#8221;&#8221;][vc_column width=&#8221;1\/4&#8243;][vc_column_text]<\/p>\n<h3>Information bulletins<\/h3>\n<p>[\/vc_column_text][vc_empty_space][\/vc_column][vc_column width=&#8221;3\/4&#8243;][vc_row_inner row_type=&#8221;row&#8221; type=&#8221;full_width&#8221; text_align=&#8221;left&#8221; css_animation=&#8221;&#8221;][vc_column_inner width=&#8221;1\/2&#8243;][vc_empty_space height=&#8221;10px&#8221;][vc_single_image image=&#8221;444&#8243; img_size=&#8221;full&#8221; onclick=&#8221;custom_link&#8221; qode_css_animation=&#8221;&#8221; qode_hover_animation=&#8221;zoom_in&#8221; link=&#8221;http:\/\/daycare.you2.pl\/wp-content\/uploads\/2022\/05\/Informator1_PL.pdf&#8221;][\/vc_column_inner][vc_column_inner width=&#8221;1\/2&#8243;][vc_empty_space height=&#8221;10px&#8221;][vc_single_image image=&#8221;446&#8243; img_size=&#8221;full&#8221; onclick=&#8221;custom_link&#8221; qode_css_animation=&#8221;&#8221; qode_hover_animation=&#8221;zoom_in&#8221; link=&#8221;http:\/\/daycare.you2.pl\/wp-content\/uploads\/2022\/05\/Informator2_PL_.pdf&#8221;][\/vc_column_inner][\/vc_row_inner][\/vc_column][\/vc_row][vc_row css_animation=&#8221;&#8221; row_type=&#8221;row&#8221; use_row_as_full_screen_section=&#8221;no&#8221; type=&#8221;grid&#8221; angled_section=&#8221;no&#8221; text_align=&#8221;left&#8221; background_image_as_pattern=&#8221;without_pattern&#8221; z_index=&#8221;&#8221; css=&#8221;.vc_custom_1669908810124{padding-top: 80px !important;padding-bottom: 80px !important;background-color: #000000 !important;}&#8221; el_id=&#8221;6&#8243; anchor=&#8221;kontakt&#8221;][vc_column width=&#8221;1\/4&#8243;][vc_column_text]<\/p>\n<h3><span style=\"color: #f2f2f2;\">Contacts<\/span><\/h3>\n<p>[\/vc_column_text][vc_empty_space][vc_column_text]<span style=\"color: #f2f2f2;\"><strong>Krak\u00f3w<\/strong><\/span><\/p>\n<p><span style=\"color: #f2f2f2;\">Kamienica Hetma\u0144ska<\/span><br \/>\n<span style=\"color: #f2f2f2;\">Rynek G\u0142\u00f3wny 17<\/span><br \/>\n<span style=\"color: #f2f2f2;\">(wej\u015bcie od ul. Brackiej)<\/span><\/p>\n<p>&nbsp;<\/p>\n<p><span style=\"color: #f2f2f2;\"><strong>Contacts<\/strong><\/span><\/p>\n<p><span style=\"color: #f2f2f2;\">e-mail:<\/span> <a href=\"mailto:daycarekrakow@fine.ngo\" target=\"_blank\" rel=\"noopener\">daycarekrakow@fine.ngo<\/a><\/p>\n<p>&nbsp;<\/p>\n<p><a href=\"https:\/\/fine.ngo\/wp-content\/uploads\/2022\/12\/Polityka-prywatnosci.pdf\"><strong> Privacy Policy <\/strong><\/a>[\/vc_column_text][\/vc_column][vc_column width=&#8221;3\/4&#8243;]<div class='google_map_shortcode_holder' style='height:600px;'><div class='qode_google_map' style='height:600px;' id='map_canvas_58599' data-addresses='[\"Krak\u00f3w, Rynek G\u0142\u00f3wny 17\"]' data-custom-map-style='false' data-color-overlay='#393939' data-saturation='-100' data-lightness='-60' data-zoom='14' data-pin='https:\/\/fine.ngo\/wp-content\/uploads\/2022\/11\/pin_ikona3.png' data-unique-id='58599' data-google-maps-scroll-wheel='false' data-snazzy-map-style='no' data-map-height='600'><\/div><div class='google_map_shortcode_overlay'><\/div><\/div>[\/vc_column][\/vc_row]<\/p>\n<\/section>","protected":false},"excerpt":{"rendered":"<p>[vc_row css_animation=&#8221;&#8221; row_type=&#8221;row&#8221; use_row_as_full_screen_section=&#8221;no&#8221; type=&#8221;grid&#8221; angled_section=&#8221;no&#8221; text_align=&#8221;left&#8221; background_image_as_pattern=&#8221;without_pattern&#8221; z_index=&#8221;&#8221; anchor=&#8221;home&#8221;][vc_column width=&#8221;1\/4&#8243; offset=&#8221;vc_hidden-xs&#8221;][vc_empty_space height=&#8221;430px&#8221;][vc_column_text] Day Care [\/vc_column_text][vc_empty_space height=&#8221;15px&#8221;][vc_column_text]A friendly place where we daily take care of 100 children from Ukraine aged 2 to 6 every day. [\/vc_column_text][\/vc_column][vc_column width=&#8221;3\/4&#8243; offset=&#8221;vc_hidden-xs&#8221;][vc_gallery interval=&#8221;3&#8243; images=&#8221;460,462,464,466,468,470,476,482&#8243; img_size=&#8221;full&#8221; onclick=&#8221;&#8221;][\/vc_column][\/vc_row][vc_row css_animation=&#8221;&#8221; row_type=&#8221;row&#8221; use_row_as_full_screen_section=&#8221;no&#8221;&#8230;<\/p>\n","protected":false},"author":1,"featured_media":0,"parent":0,"menu_order":0,"comment_status":"closed","ping_status":"closed","template":"full_width.php","meta":{"footnotes":""},"class_list":["post-1392","page","type-page","status-publish","hentry"],"_links":{"self":[{"href":"https:\/\/fine.ngo\/en\/wp-json\/wp\/v2\/pages\/1392","targetHints":{"allow":["GET"]}}],"collection":[{"href":"https:\/\/fine.ngo\/en\/wp-json\/wp\/v2\/pages"}],"about":[{"href":"https:\/\/fine.ngo\/en\/wp-json\/wp\/v2\/types\/page"}],"author":[{"embeddable":true,"href":"https:\/\/fine.ngo\/en\/wp-json\/wp\/v2\/users\/1"}],"replies":[{"embeddable":true,"href":"https:\/\/fine.ngo\/en\/wp-json\/wp\/v2\/comments?post=1392"}],"version-history":[{"count":12,"href":"https:\/\/fine.ngo\/en\/wp-json\/wp\/v2\/pages\/1392\/revisions"}],"predecessor-version":[{"id":2192,"href":"https:\/\/fine.ngo\/en\/wp-json\/wp\/v2\/pages\/1392\/revisions\/2192"}],"wp:attachment":[{"href":"https:\/\/fine.ngo\/en\/wp-json\/wp\/v2\/media?parent=1392"}],"curies":[{"name":"wp","href":"https:\/\/api.w.org\/{rel}","templated":true}]}}