{"id":1412,"date":"2022-12-06T22:32:07","date_gmt":"2022-12-06T21:32:07","guid":{"rendered":"https:\/\/fine.ngo\/meeting-point\/"},"modified":"2023-12-04T19:47:48","modified_gmt":"2023-12-04T18:47:48","slug":"fine-space","status":"publish","type":"page","link":"https:\/\/fine.ngo\/en\/fine-space\/","title":{"rendered":"Fine Space"},"content":{"rendered":"<section class=\"wpb-content-wrapper\"><p>[vc_row css_animation=&#8221;&#8221; row_type=&#8221;row&#8221; use_row_as_full_screen_section=&#8221;no&#8221; type=&#8221;grid&#8221; angled_section=&#8221;no&#8221; text_align=&#8221;left&#8221; background_image_as_pattern=&#8221;without_pattern&#8221; z_index=&#8221;&#8221; anchor=&#8221;home&#8221;][vc_column width=&#8221;1\/4&#8243; offset=&#8221;vc_hidden-xs&#8221;][vc_empty_space height=&#8221;450px&#8221;][vc_column_text]<\/p>\n<h3>Fine Space<\/h3>\n<p>[\/vc_column_text][vc_empty_space height=&#8221;15px&#8221;][vc_column_text]A space of creative integration. A place for workshops, learning, meetings, and exchange of experiences.[\/vc_column_text][\/vc_column][vc_column width=&#8221;3\/4&#8243; offset=&#8221;vc_hidden-xs&#8221;][vc_single_image image=&#8221;2350&#8243; img_size=&#8221;full&#8221; qode_css_animation=&#8221;&#8221;][\/vc_column][\/vc_row][vc_row css_animation=&#8221;&#8221; row_type=&#8221;row&#8221; use_row_as_full_screen_section=&#8221;no&#8221; type=&#8221;full_width&#8221; angled_section=&#8221;no&#8221; text_align=&#8221;left&#8221; background_image_as_pattern=&#8221;without_pattern&#8221; z_index=&#8221;&#8221; anchor=&#8221;home&#8221;][vc_column offset=&#8221;vc_hidden-lg vc_hidden-md vc_hidden-sm&#8221;][vc_single_image image=&#8221;1509&#8243; img_size=&#8221;full&#8221; qode_css_animation=&#8221;&#8221;][\/vc_column][\/vc_row][vc_row css_animation=&#8221;&#8221; row_type=&#8221;row&#8221; use_row_as_full_screen_section=&#8221;no&#8221; type=&#8221;grid&#8221; angled_section=&#8221;no&#8221; text_align=&#8221;left&#8221; background_image_as_pattern=&#8221;without_pattern&#8221; anchor=&#8221;o-nas&#8221; z_index=&#8221;&#8221; css=&#8221;.vc_custom_1653407808004{padding-top: 80px !important;}&#8221;][vc_column][vc_separator type=&#8221;normal&#8221;][\/vc_column][\/vc_row][vc_row css_animation=&#8221;&#8221; row_type=&#8221;row&#8221; use_row_as_full_screen_section=&#8221;no&#8221; type=&#8221;grid&#8221; angled_section=&#8221;no&#8221; text_align=&#8221;left&#8221; background_image_as_pattern=&#8221;without_pattern&#8221; anchor=&#8221;onas&#8221; css=&#8221;.vc_custom_1651582313665{padding-top: 30px !important;}&#8221; z_index=&#8221;&#8221;][vc_column width=&#8221;1\/4&#8243;][vc_column_text]<\/p>\n<h3>About the Project<\/h3>\n<p>[\/vc_column_text][vc_empty_space][\/vc_column][vc_column width=&#8221;3\/4&#8243;][vc_row_inner row_type=&#8221;row&#8221; type=&#8221;full_width&#8221; text_align=&#8221;left&#8221; css_animation=&#8221;&#8221;][vc_column_inner width=&#8221;1\/2&#8243;][vc_empty_space height=&#8221;10px&#8221;][vc_column_text]<span style=\"font-size: 14pt;\"><b> A space of creative integration. A place for workshops, learning, meetings, and exchange of experiences. <\/b><\/span><\/p>\n<p>&nbsp;<\/p>\n<p>At Fine Space, we believe that developing interests and passion together is a wonderful integration tool. We provide free artistic, educational, sports and family workshops. We invite anyone to participate, without exception: children, youth, adults, and the elderly. Long-term and new Krak\u00f3w residents who want to meet other people with similar hobbies, grow their passions, learn something new, and have a fun time.[\/vc_column_text][\/vc_column_inner][vc_column_inner width=&#8221;1\/2&#8243;][vc_empty_space height=&#8221;10px&#8221;][vc_column_text]You can find us on the second floor of the beautiful tenement house at the Main Square 17 (entrance from Bracka 4 St).[\/vc_column_text][\/vc_column_inner][\/vc_row_inner][\/vc_column][\/vc_row][vc_row css_animation=&#8221;&#8221; row_type=&#8221;row&#8221; use_row_as_full_screen_section=&#8221;no&#8221; type=&#8221;grid&#8221; angled_section=&#8221;no&#8221; text_align=&#8221;left&#8221; background_image_as_pattern=&#8221;without_pattern&#8221; anchor=&#8221;faq&#8221; z_index=&#8221;&#8221; css=&#8221;.vc_custom_1663768758365{padding-top: 80px !important;}&#8221;][vc_column][vc_separator type=&#8221;normal&#8221;][\/vc_column][\/vc_row][vc_row css_animation=&#8221;&#8221; row_type=&#8221;row&#8221; use_row_as_full_screen_section=&#8221;no&#8221; type=&#8221;grid&#8221; angled_section=&#8221;no&#8221; text_align=&#8221;left&#8221; background_image_as_pattern=&#8221;without_pattern&#8221; anchor=&#8221;onas&#8221; css=&#8221;.vc_custom_1651582313665{padding-top: 30px !important;}&#8221; z_index=&#8221;&#8221;][vc_column width=&#8221;1\/4&#8243;][vc_column_text]<\/p>\n<h3>What we do<\/h3>\n<p>[\/vc_column_text][vc_empty_space][\/vc_column][vc_column width=&#8221;3\/4&#8243;][vc_row_inner row_type=&#8221;row&#8221; type=&#8221;full_width&#8221; text_align=&#8221;left&#8221; css_animation=&#8221;&#8221;][vc_column_inner width=&#8221;1\/2&#8243;][vc_empty_space height=&#8221;10px&#8221;][vc_column_text]<span style=\"font-size: 14pt;\"><strong>We drive and lead free artistic, educational and sports classes for children, youth and adults, the aim of which is intercultural integration and time well spent together.<br \/>\n<\/strong><\/span><\/p>\n<p>&nbsp;<\/p>\n<p><strong>Intercultural Integration Center<\/strong><\/p>\n<p>The Fine Space program includes artistic workshops such as ceramics, drawing and painting, sports, culinary and educational classes. Classes are dedicated to children, teenagers, adults, and even whole families.<\/p>\n<p><strong>Dialogue Center<\/strong><\/p>\n<p>Workshops are dedicated to high school students mainly. We want to support young people in understanding difficult psychosocial processes, and in the development of their soft competences. Teach them to build interpersonal relations and dialogue. Help them cultivate skills to properly function in society, and cope with the challenges of the modern world.<\/p>\n<p>[\/vc_column_text][\/vc_column_inner][vc_column_inner width=&#8221;1\/2&#8243;][vc_empty_space height=&#8221;10px&#8221;][vc_column_text]<strong>Polish Language Learning Center<\/strong><\/p>\n<p>We organize free Polish language courses for foreign-speaking children in various age groups. Classes are dedicated to children with migration experience at preschool and early school age to develop skills: speaking (including correct pronunciation), reading, and writing.<\/p>\n<p><strong>In the afternoons, we transform into an open cultural center where something interesting is always happening!<\/strong> The program contains artistic workshops such as ceramics, drawing, painting, cooking classes, and educational classes.<\/p>\n<p><strong>On the weekends, you are invited to special events!<\/strong> It\u2019s the time for longer workshops, slow, creative mornings, and meetings with extraordinary guests! Visit our website or Facebooka, page to stay current and not miss any surprise events.[\/vc_column_text][\/vc_column_inner][\/vc_row_inner][\/vc_column][\/vc_row][vc_row css_animation=&#8221;&#8221; row_type=&#8221;row&#8221; use_row_as_full_screen_section=&#8221;no&#8221; type=&#8221;grid&#8221; angled_section=&#8221;no&#8221; text_align=&#8221;left&#8221; background_image_as_pattern=&#8221;without_pattern&#8221; anchor=&#8221;faq&#8221; z_index=&#8221;&#8221; css=&#8221;.vc_custom_1651607852323{padding-top: 80px !important;}&#8221;][vc_column][vc_separator type=&#8221;normal&#8221;][\/vc_column][\/vc_row][vc_row css_animation=&#8221;&#8221; row_type=&#8221;row&#8221; use_row_as_full_screen_section=&#8221;no&#8221; type=&#8221;grid&#8221; angled_section=&#8221;no&#8221; text_align=&#8221;left&#8221; background_image_as_pattern=&#8221;without_pattern&#8221; anchor=&#8221;onas&#8221; css=&#8221;.vc_custom_1664463718502{padding-top: 30px !important;padding-bottom: 100px !important;}&#8221; z_index=&#8221;&#8221;][vc_column width=&#8221;1\/5&#8243;][vc_column_text]<\/p>\n<h3>FAQ<\/h3>\n<p>[\/vc_column_text][vc_empty_space][\/vc_column][vc_column width=&#8221;2\/5&#8243;][vc_empty_space height=&#8221;10px&#8221;][vc_column_text]<strong>1. How to register to classes?<\/strong><\/p>\n<p>The updated schedule is available on <a href=\"https:\/\/www.facebook.com\/meetingpointkrakow\">Facebook<\/a> Fine Space and on <a href=\"http:\/\/fine.ngo\">www.fine.ngo<\/a>. You can also find all the necessary information and links for registration to particular classes there.<\/p>\n<p><strong>2. Will you organize Polish language classes?<\/strong><\/p>\n<p>Yes, we offer free Polish language courses for foreign-speaking children. The necessary information and links for register to the course can be found on Facebook Fine Space.[\/vc_column_text][\/vc_column][vc_column width=&#8221;2\/5&#8243;][vc_empty_space height=&#8221;10px&#8221;][vc_column_text]<strong>3. Is the Meeting Point a place for people with children only?<\/strong><\/p>\n<p>Not only. Anyone who is looking for a friendly space for meetings and integration in the city and who wants to spend their time creatively is welcome to join us.[\/vc_column_text][\/vc_column][\/vc_row][vc_row css_animation=&#8221;&#8221; row_type=&#8221;row&#8221; use_row_as_full_screen_section=&#8221;no&#8221; type=&#8221;grid&#8221; angled_section=&#8221;no&#8221; text_align=&#8221;left&#8221; background_image_as_pattern=&#8221;without_pattern&#8221; z_index=&#8221;&#8221; css=&#8221;.vc_custom_1669908424119{padding-top: 80px !important;padding-bottom: 80px !important;background-color: #000000 !important;}&#8221; el_id=&#8221;6&#8243; anchor=&#8221;kontakt&#8221;][vc_column width=&#8221;1\/5&#8243;][vc_column_text]<\/p>\n<h3><span style=\"color: #f2f2f2;\">Contacts<\/span><\/h3>\n<p>[\/vc_column_text][vc_empty_space][vc_column_text]<span style=\"color: #f2f2f2;\">Fine Space<\/span><br \/>\n<span style=\"color: #f2f2f2;\">Rynek G\u0142\u00f3wny 17<\/span><br \/>\n<span style=\"color: #f2f2f2;\">(wej\u015bcie od ul. Brackiej 4)<\/span><br \/>\n<span style=\"color: #f2f2f2;\"><strong>Krak\u00f3w<\/strong><\/span><\/p>\n<p>&nbsp;<\/p>\n<p><span style=\"color: #f2f2f2;\"><strong>Contacts<\/strong><\/span><\/p>\n<p><span style=\"color: #f2f2f2;\">e-mail:<\/span> <a href=\"mailto:space@fine.ngo\" target=\"_blank\" rel=\"noopener\">space@fine.ngo<\/a><\/p>\n<p>&nbsp;<\/p>\n<p>&nbsp;<\/p>\n<p><a href=\"https:\/\/fine.ngo\/wp-content\/uploads\/2022\/12\/Polityka-prywatnosci.pdf\"><strong>Privacy Policy<\/strong><\/a>[\/vc_column_text][\/vc_column][vc_column width=&#8221;4\/5&#8243;]<div class='google_map_shortcode_holder' style='height:600px;'><div class='qode_google_map' style='height:600px;' id='map_canvas_63841' data-addresses='[\"Krak\u00f3w, Rynek G\u0142\u00f3wny 35\",\"Krak\u00f3w, ul. Focha 40\",\"Krak\u00f3w, ul. Podzamcze 26\/4\"]' data-custom-map-style='false' data-color-overlay='#393939' data-saturation='-100' data-lightness='-60' data-zoom='14' data-pin='https:\/\/fine.ngo\/wp-content\/uploads\/2022\/11\/pin_ikona3.png' data-unique-id='63841' data-google-maps-scroll-wheel='false' data-snazzy-map-style='no' data-map-height='600'><\/div><div class='google_map_shortcode_overlay'><\/div><\/div>[\/vc_column][\/vc_row]<\/p>\n<\/section>","protected":false},"excerpt":{"rendered":"<p>[vc_row css_animation=&#8221;&#8221; row_type=&#8221;row&#8221; use_row_as_full_screen_section=&#8221;no&#8221; type=&#8221;grid&#8221; angled_section=&#8221;no&#8221; text_align=&#8221;left&#8221; background_image_as_pattern=&#8221;without_pattern&#8221; z_index=&#8221;&#8221; anchor=&#8221;home&#8221;][vc_column width=&#8221;1\/4&#8243; offset=&#8221;vc_hidden-xs&#8221;][vc_empty_space height=&#8221;450px&#8221;][vc_column_text] Fine Space [\/vc_column_text][vc_empty_space height=&#8221;15px&#8221;][vc_column_text]A space of creative integration. A place for workshops, learning, meetings, and exchange of experiences.[\/vc_column_text][\/vc_column][vc_column width=&#8221;3\/4&#8243; offset=&#8221;vc_hidden-xs&#8221;][vc_single_image image=&#8221;2350&#8243; img_size=&#8221;full&#8221; qode_css_animation=&#8221;&#8221;][\/vc_column][\/vc_row][vc_row css_animation=&#8221;&#8221; row_type=&#8221;row&#8221; use_row_as_full_screen_section=&#8221;no&#8221; type=&#8221;full_width&#8221; angled_section=&#8221;no&#8221; text_align=&#8221;left&#8221; background_image_as_pattern=&#8221;without_pattern&#8221; z_index=&#8221;&#8221; anchor=&#8221;home&#8221;][vc_column&#8230;<\/p>\n","protected":false},"author":1,"featured_media":0,"parent":0,"menu_order":0,"comment_status":"closed","ping_status":"closed","template":"full_width.php","meta":{"footnotes":""},"class_list":["post-1412","page","type-page","status-publish","hentry"],"_links":{"self":[{"href":"https:\/\/fine.ngo\/en\/wp-json\/wp\/v2\/pages\/1412","targetHints":{"allow":["GET"]}}],"collection":[{"href":"https:\/\/fine.ngo\/en\/wp-json\/wp\/v2\/pages"}],"about":[{"href":"https:\/\/fine.ngo\/en\/wp-json\/wp\/v2\/types\/page"}],"author":[{"embeddable":true,"href":"https:\/\/fine.ngo\/en\/wp-json\/wp\/v2\/users\/1"}],"replies":[{"embeddable":true,"href":"https:\/\/fine.ngo\/en\/wp-json\/wp\/v2\/comments?post=1412"}],"version-history":[{"count":12,"href":"https:\/\/fine.ngo\/en\/wp-json\/wp\/v2\/pages\/1412\/revisions"}],"predecessor-version":[{"id":2361,"href":"https:\/\/fine.ngo\/en\/wp-json\/wp\/v2\/pages\/1412\/revisions\/2361"}],"wp:attachment":[{"href":"https:\/\/fine.ngo\/en\/wp-json\/wp\/v2\/media?parent=1412"}],"curies":[{"name":"wp","href":"https:\/\/api.w.org\/{rel}","templated":true}]}}