{"id":2030,"date":"2023-01-23T15:07:52","date_gmt":"2023-01-23T14:07:52","guid":{"rendered":"https:\/\/fine.ngo\/the-good-emotions-zone\/"},"modified":"2023-04-19T13:39:45","modified_gmt":"2023-04-19T11:39:45","slug":"the-good-emotions-zone","status":"publish","type":"page","link":"https:\/\/fine.ngo\/en\/the-good-emotions-zone\/","title":{"rendered":"The Good Emotions Zone"},"content":{"rendered":"<section class=\"wpb-content-wrapper\"><p>[vc_row css_animation=&#8221;&#8221; row_type=&#8221;row&#8221; use_row_as_full_screen_section=&#8221;no&#8221; type=&#8221;grid&#8221; angled_section=&#8221;no&#8221; text_align=&#8221;left&#8221; background_image_as_pattern=&#8221;without_pattern&#8221; z_index=&#8221;&#8221; anchor=&#8221;home&#8221;][vc_column width=&#8221;1\/4&#8243; offset=&#8221;vc_hidden-xs&#8221;][vc_empty_space height=&#8221;370&#8243;][vc_column_text]<\/p>\n<h3>The Good Emotions Zone<\/h3>\n<p>[\/vc_column_text][vc_empty_space height=&#8221;15&#8243;][vc_column_text]A Support Program for Leaders of Change: teachers and educators working with children in crisis and under a lot of stress.[\/vc_column_text][\/vc_column][vc_column width=&#8221;3\/4&#8243; offset=&#8221;vc_hidden-xs&#8221;][vc_single_image image=&#8221;1563&#8243; img_size=&#8221;full&#8221; qode_css_animation=&#8221;&#8221;][\/vc_column][\/vc_row][vc_row css_animation=&#8221;&#8221; row_type=&#8221;row&#8221; use_row_as_full_screen_section=&#8221;no&#8221; type=&#8221;full_width&#8221; angled_section=&#8221;no&#8221; text_align=&#8221;left&#8221; background_image_as_pattern=&#8221;without_pattern&#8221; z_index=&#8221;&#8221; anchor=&#8221;home&#8221;][vc_column offset=&#8221;vc_hidden-lg vc_hidden-md vc_hidden-sm&#8221;][vc_single_image image=&#8221;1563&#8243; img_size=&#8221;full&#8221; qode_css_animation=&#8221;&#8221;][\/vc_column][\/vc_row][vc_row css_animation=&#8221;&#8221; row_type=&#8221;row&#8221; use_row_as_full_screen_section=&#8221;no&#8221; type=&#8221;grid&#8221; angled_section=&#8221;no&#8221; text_align=&#8221;left&#8221; background_image_as_pattern=&#8221;without_pattern&#8221; anchor=&#8221;o-nas&#8221; z_index=&#8221;&#8221; css=&#8221;.vc_custom_1653407808004{padding-top: 80px !important;}&#8221;][vc_column][vc_separator type=&#8221;normal&#8221;][\/vc_column][\/vc_row][vc_row css_animation=&#8221;&#8221; row_type=&#8221;row&#8221; use_row_as_full_screen_section=&#8221;no&#8221; type=&#8221;grid&#8221; angled_section=&#8221;no&#8221; text_align=&#8221;left&#8221; background_image_as_pattern=&#8221;without_pattern&#8221; anchor=&#8221;onas&#8221; css=&#8221;.vc_custom_1651582313665{padding-top: 30px !important;}&#8221; z_index=&#8221;&#8221;][vc_column width=&#8221;1\/4&#8243;][vc_column_text]<\/p>\n<h3>About the Project<\/h3>\n<p>[\/vc_column_text][vc_empty_space][\/vc_column][vc_column width=&#8221;3\/4&#8243;][vc_row_inner row_type=&#8221;row&#8221; type=&#8221;full_width&#8221; text_align=&#8221;left&#8221; css_animation=&#8221;&#8221;][vc_column_inner width=&#8221;1\/2&#8243;][vc_empty_space height=&#8221;10px&#8221;][vc_column_text]<span style=\"font-size: 14pt;\"><b> A Support Program for Leaders of Change: teachers and educators working with children in crisis and under a lot of stress. <\/b><\/span><\/p>\n<p>&nbsp;<\/p>\n<p>The Good Emotions Zone program includes a free-of-charge, comprehensive support program that includes:<br \/>\nLive training concluded with the Good Emotions Zone Leader certificate,<br \/>\nPost-training consultations,<br \/>\nA printed guide of the Good Emotions Zone,<br \/>\nWebinars in cooperation with the Famiga Center, along with worksheets and posters prepared by experts.<\/p>\n<p>&nbsp;<\/p>\n<p>The extended crisis resulting from the war in Ukraine, preceded by the pandemic and escalated by increasing economic concerns, adversely affects adults and children (either directly or indirectly).<\/p>\n<p>&nbsp;<\/p>\n<p>Anticipating another upcoming wave of refugees and energetic crisis, we are aware that the number of challenges that educational institutions will face require proper and adequate preparation: not only logistical but, first and foremost, psychologically.[\/vc_column_text][\/vc_column_inner][vc_column_inner width=&#8221;1\/2&#8243;][vc_empty_space height=&#8221;10px&#8221;][vc_column_text]We realize how many difficulties children experience, from the tensions related to meeting school requirements to maintaining social relationships and several other problems of the modern world, such as addiction to electronics or the growing number of children with depression and anxiety.<\/p>\n<p>&nbsp;<\/p>\n<p>On many occasions, we adults find it challenging to cope with all our emotions. In addition, we feel pressured as caregivers who directly impact our children&#8217;s well-being.<\/p>\n<p>&nbsp;<\/p>\n<p>Poland has only recently started to experience the cultural integration of children and adults from other countries. The challenges that result from this and are faced by our communities, including our school communities, are significant.<\/p>\n<p>&nbsp;<\/p>\n<p>Drawing from the experience of countries with a higher rate of immigrant children, we will provide methods and initiatives to help you create an emotionally safe classroom environment where adaptation is a comfortable process and the teacher is supported while dealing with everyday challenges.[\/vc_column_text][\/vc_column_inner][\/vc_row_inner][\/vc_column][\/vc_row][vc_row css_animation=&#8221;&#8221; row_type=&#8221;row&#8221; use_row_as_full_screen_section=&#8221;no&#8221; type=&#8221;grid&#8221; angled_section=&#8221;no&#8221; text_align=&#8221;left&#8221; background_image_as_pattern=&#8221;without_pattern&#8221; anchor=&#8221;o-nas&#8221; z_index=&#8221;&#8221; css=&#8221;.vc_custom_1653407808004{padding-top: 80px !important;}&#8221;][vc_column][vc_separator type=&#8221;normal&#8221;][\/vc_column][\/vc_row][vc_row css_animation=&#8221;&#8221; row_type=&#8221;row&#8221; use_row_as_full_screen_section=&#8221;no&#8221; type=&#8221;grid&#8221; angled_section=&#8221;no&#8221; text_align=&#8221;left&#8221; background_image_as_pattern=&#8221;without_pattern&#8221; css=&#8221;.vc_custom_1671488661731{padding-top: 30px !important;}&#8221; z_index=&#8221;&#8221;][vc_column width=&#8221;1\/4&#8243;][vc_column_text]<\/p>\n<h3>Masterclass Webinars<\/h3>\n<p>[\/vc_column_text][vc_empty_space][\/vc_column][vc_column width=&#8221;3\/4&#8243;][vc_row_inner row_type=&#8221;row&#8221; type=&#8221;full_width&#8221; text_align=&#8221;left&#8221; css_animation=&#8221;&#8221;][vc_column_inner width=&#8221;1\/2&#8243;][vc_empty_space height=&#8221;10px&#8221;][vc_video link=&#8221;https:\/\/www.youtube.com\/watch?v=VGCMDHqiSdM&#8221;][\/vc_column_inner][vc_column_inner width=&#8221;1\/2&#8243;][\/vc_column_inner][\/vc_row_inner][\/vc_column][\/vc_row][vc_row css_animation=&#8221;&#8221; row_type=&#8221;row&#8221; use_row_as_full_screen_section=&#8221;no&#8221; type=&#8221;grid&#8221; angled_section=&#8221;no&#8221; text_align=&#8221;left&#8221; background_image_as_pattern=&#8221;without_pattern&#8221; anchor=&#8221;o-nas&#8221; z_index=&#8221;&#8221; css=&#8221;.vc_custom_1653407808004{padding-top: 80px !important;}&#8221;][vc_column][vc_separator type=&#8221;normal&#8221;][\/vc_column][\/vc_row][vc_row css_animation=&#8221;&#8221; row_type=&#8221;row&#8221; use_row_as_full_screen_section=&#8221;no&#8221; type=&#8221;grid&#8221; angled_section=&#8221;no&#8221; text_align=&#8221;left&#8221; background_image_as_pattern=&#8221;without_pattern&#8221; css=&#8221;.vc_custom_1671488651016{padding-top: 30px !important;}&#8221; z_index=&#8221;&#8221;][vc_column width=&#8221;1\/4&#8243;][vc_column_text]<\/p>\n<h3>Webinars<\/h3>\n<p>[\/vc_column_text][vc_empty_space][\/vc_column][vc_column width=&#8221;3\/4&#8243;][vc_row_inner row_type=&#8221;row&#8221; type=&#8221;full_width&#8221; text_align=&#8221;left&#8221; css_animation=&#8221;&#8221;][vc_column_inner width=&#8221;1\/2&#8243;][vc_empty_space height=&#8221;10px&#8221;][vc_video link=&#8221;https:\/\/www.youtube.com\/watch?v=Hahbaqwq9FY&#8221;][vc_empty_space][vc_video link=&#8221;https:\/\/youtu.be\/VHwVBk4FKr8&#8243;][vc_empty_space][vc_video link=&#8221;https:\/\/www.youtube.com\/watch?v=qgQwPGML4Hk&#8221;][vc_empty_space][vc_video link=&#8221;https:\/\/www.youtube.com\/watch?v=lli4AVfltnQ&#8221;][\/vc_column_inner][vc_column_inner width=&#8221;1\/2&#8243;][vc_empty_space height=&#8221;10px&#8221;][vc_video link=&#8221;https:\/\/www.youtube.com\/watch?v=7lutYb-GTsg&#8221;][vc_empty_space][vc_video link=&#8221;https:\/\/www.youtube.com\/watch?v=UvIMZmRJMts&#8221;][vc_empty_space][vc_video link=&#8221;https:\/\/www.youtube.com\/watch?v=isx_rvO9IKA&#8221;][vc_empty_space][vc_video link=&#8221;https:\/\/www.youtube.com\/watch?v=BvO7Exssd94&#8243;][\/vc_column_inner][\/vc_row_inner][\/vc_column][\/vc_row][vc_row css_animation=&#8221;&#8221; row_type=&#8221;row&#8221; use_row_as_full_screen_section=&#8221;no&#8221; type=&#8221;grid&#8221; angled_section=&#8221;no&#8221; text_align=&#8221;left&#8221; background_image_as_pattern=&#8221;without_pattern&#8221; anchor=&#8221;o-nas&#8221; z_index=&#8221;&#8221; css=&#8221;.vc_custom_1673631581255{padding-top: 80px !important;}&#8221;][vc_column][vc_separator type=&#8221;normal&#8221;][\/vc_column][\/vc_row][vc_row css_animation=&#8221;&#8221; row_type=&#8221;row&#8221; use_row_as_full_screen_section=&#8221;no&#8221; type=&#8221;grid&#8221; angled_section=&#8221;no&#8221; text_align=&#8221;left&#8221; background_image_as_pattern=&#8221;without_pattern&#8221; css=&#8221;.vc_custom_1671486113540{padding-top: 30px !important;}&#8221; z_index=&#8221;&#8221;][vc_column width=&#8221;1\/4&#8243;][vc_column_text]<\/p>\n<h3>Resources to download<\/h3>\n<p>[\/vc_column_text][vc_empty_space][\/vc_column][vc_column width=&#8221;3\/4&#8243;][vc_row_inner row_type=&#8221;row&#8221; type=&#8221;full_width&#8221; text_align=&#8221;left&#8221; css_animation=&#8221;&#8221;][vc_column_inner width=&#8221;1\/2&#8243;][vc_empty_space height=&#8221;10px&#8221;][vc_single_image image=&#8221;1804&#8243; img_size=&#8221;full&#8221; onclick=&#8221;custom_link&#8221; qode_css_animation=&#8221;&#8221; qode_hover_animation=&#8221;zoom_in&#8221; link=&#8221;https:\/\/fine.ngo\/wp-content\/uploads\/2022\/12\/wykluczenie-i-trauma_www.pdf&#8221;][vc_empty_space height=&#8221;30px&#8221;][vc_single_image image=&#8221;1827&#8243; img_size=&#8221;full&#8221; onclick=&#8221;custom_link&#8221; qode_css_animation=&#8221;&#8221; qode_hover_animation=&#8221;zoom_in&#8221; link=&#8221;https:\/\/fine.ngo\/wp-content\/uploads\/2022\/12\/integracja_www.pdf&#8221;][vc_empty_space height=&#8221;30px&#8221;][vc_single_image image=&#8221;1937&#8243; img_size=&#8221;full&#8221; onclick=&#8221;custom_link&#8221; qode_css_animation=&#8221;&#8221; qode_hover_animation=&#8221;zoom_in&#8221; link=&#8221;https:\/\/fine.ngo\/wp-content\/uploads\/2023\/01\/zabawy_www.pdf&#8221;][\/vc_column_inner][vc_column_inner width=&#8221;1\/2&#8243;][vc_empty_space height=&#8221;10px&#8221;][vc_single_image image=&#8221;1810&#8243; img_size=&#8221;full&#8221; onclick=&#8221;custom_link&#8221; qode_css_animation=&#8221;&#8221; qode_hover_animation=&#8221;zoom_in&#8221; link=&#8221;https:\/\/fine.ngo\/wp-content\/uploads\/2022\/12\/stres_do-pobrania.pdf&#8221;][vc_empty_space height=&#8221;30px&#8221;][vc_single_image image=&#8221;1883&#8243; img_size=&#8221;full&#8221; onclick=&#8221;custom_link&#8221; qode_css_animation=&#8221;&#8221; qode_hover_animation=&#8221;zoom_in&#8221; link=&#8221;https:\/\/fine.ngo\/wp-content\/uploads\/2023\/01\/regulacja_www.pdf&#8221;][vc_empty_space height=&#8221;30px&#8221;][vc_single_image image=&#8221;2020&#8243; img_size=&#8221;full&#8221; onclick=&#8221;custom_link&#8221; qode_css_animation=&#8221;&#8221; qode_hover_animation=&#8221;zoom_in&#8221; link=&#8221;https:\/\/fine.ngo\/wp-content\/uploads\/2023\/01\/zabawy_wzmacniajace.pdf&#8221;][\/vc_column_inner][\/vc_row_inner][\/vc_column][\/vc_row][vc_row css_animation=&#8221;&#8221; row_type=&#8221;row&#8221; use_row_as_full_screen_section=&#8221;no&#8221; type=&#8221;grid&#8221; angled_section=&#8221;no&#8221; text_align=&#8221;left&#8221; background_image_as_pattern=&#8221;without_pattern&#8221; anchor=&#8221;o-nas&#8221; z_index=&#8221;&#8221; css=&#8221;.vc_custom_1653407808004{padding-top: 80px !important;}&#8221;][vc_column][vc_separator type=&#8221;normal&#8221;][\/vc_column][\/vc_row][vc_row css_animation=&#8221;&#8221; row_type=&#8221;row&#8221; use_row_as_full_screen_section=&#8221;no&#8221; type=&#8221;grid&#8221; angled_section=&#8221;no&#8221; text_align=&#8221;left&#8221; background_image_as_pattern=&#8221;without_pattern&#8221; css=&#8221;.vc_custom_1671486105990{padding-top: 30px !important;padding-bottom: 100px !important;}&#8221; z_index=&#8221;&#8221;][vc_column width=&#8221;1\/4&#8243;][vc_column_text]<\/p>\n<h3>Information<\/h3>\n<p>[\/vc_column_text][vc_empty_space][\/vc_column][vc_column width=&#8221;3\/4&#8243;][vc_row_inner row_type=&#8221;row&#8221; type=&#8221;full_width&#8221; text_align=&#8221;left&#8221; css_animation=&#8221;&#8221;][vc_column_inner width=&#8221;1\/2&#8243;][vc_empty_space height=&#8221;10px&#8221;][vc_single_image image=&#8221;444&#8243; img_size=&#8221;full&#8221; onclick=&#8221;custom_link&#8221; qode_css_animation=&#8221;&#8221; qode_hover_animation=&#8221;zoom_in&#8221; link=&#8221;https:\/\/fine.ngo\/wp-content\/uploads\/2022\/05\/Informator1_PL.pdf&#8221;][vc_empty_space][vc_single_image image=&#8221;1895&#8243; img_size=&#8221;full&#8221; onclick=&#8221;custom_link&#8221; qode_css_animation=&#8221;&#8221; qode_hover_animation=&#8221;zoom_in&#8221; link=&#8221;https:\/\/fine.ngo\/wp-content\/uploads\/2023\/01\/Informator3_PL_www.pdf&#8221;][\/vc_column_inner][vc_column_inner width=&#8221;1\/2&#8243;][vc_empty_space height=&#8221;10px&#8221;][vc_single_image image=&#8221;446&#8243; img_size=&#8221;full&#8221; onclick=&#8221;custom_link&#8221; qode_css_animation=&#8221;&#8221; qode_hover_animation=&#8221;zoom_in&#8221; link=&#8221;https:\/\/fine.ngo\/wp-content\/uploads\/2022\/05\/Informator2_PL_.pdf&#8221;][vc_empty_space][\/vc_column_inner][\/vc_row_inner][\/vc_column][\/vc_row][vc_row css_animation=&#8221;&#8221; row_type=&#8221;row&#8221; use_row_as_full_screen_section=&#8221;no&#8221; type=&#8221;grid&#8221; angled_section=&#8221;no&#8221; text_align=&#8221;left&#8221; background_image_as_pattern=&#8221;without_pattern&#8221; z_index=&#8221;&#8221; css=&#8221;.vc_custom_1671047574829{padding-top: 80px !important;padding-bottom: 80px !important;background-color: #000000 !important;}&#8221; el_id=&#8221;6&#8243; anchor=&#8221;kontakt&#8221;][vc_column width=&#8221;1\/4&#8243;][vc_column_text]<\/p>\n<h3><span style=\"color: #f2f2f2;\">Contact<\/span><\/h3>\n<p>[\/vc_column_text][vc_empty_space][vc_column_text]<span style=\"color: #f2f2f2;\"><strong>Krak\u00f3w<\/strong><\/span><\/p>\n<p><span style=\"color: #f2f2f2;\">Kamienica Hetma\u0144ska<\/span><br \/>\n<span style=\"color: #f2f2f2;\">Rynek G\u0142\u00f3wny 17<\/span><br \/>\n<span style=\"color: #f2f2f2;\">(wej\u015bcie od ul. Brackiej)<\/span><\/p>\n<p>&nbsp;<\/p>\n<p><span style=\"color: #f2f2f2;\">e-mail:<\/span> <a href=\"mailto:be@fine.ngo\" target=\"_blank\" rel=\"noopener\">be@fine.ngo<\/a><\/p>\n<p>[\/vc_column_text][vc_empty_space height=&#8221;15px&#8221;][vc_column_text]<span class='q_social_icon_holder circle_social' data-color=#000000 data-hover-background-color=#000000 data-hover-border-color=#000000 data-hover-color=#fff><a itemprop='url' href='https:\/\/www.facebook.com\/FINEKRAKOW' target='_self'><span class='fa-stack ' style='background-color: #ffffff;border-color: #000000;border-width: 2px;margin: 0 0 0 0;font-size: 17px;'><i class=\"qode_icon_font_awesome fa fa-facebook-f \" style=\"color: #000000;font-size: 17px;\" ><\/i><\/span><\/a><\/span><span class='q_social_icon_holder circle_social' data-color=#000000 data-hover-background-color=#000000 data-hover-border-color=#000000 data-hover-color=#fff><a itemprop='url' href='https:\/\/www.instagram.com\/fine.ngo\/' target='_self'><span class='fa-stack ' style='background-color: #ffffff;border-color: #000000;border-width: 2px;margin: 0 0 0 25px;font-size: 17px;'><i class=\"qode_icon_font_awesome fa fa-instagram \" style=\"color: #000000;font-size: 17px;\" ><\/i><\/span><\/a><\/span><span class='q_social_icon_holder circle_social' data-color=#000000 data-hover-background-color=#000000 data-hover-border-color=#000000 data-hover-color=#fff><a itemprop='url' href='https:\/\/www.youtube.com\/channel\/UCoeb7gf1cWQmDqtXtQNyzMg' target='_self'><span class='fa-stack ' style='background-color: #ffffff;border-color: #000000;border-width: 2px;margin: 0 0 0 25px;font-size: 17px;'><i class=\"qode_icon_font_awesome fa fa-youtube \" style=\"color: #000000;font-size: 17px;\" ><\/i><\/span><\/a><\/span>[\/vc_column_text][vc_empty_space height=&#8221;15px&#8221;][vc_column_text]<a href=\"https:\/\/fine.ngo\/wp-content\/uploads\/2022\/12\/Polityka-prywatnosci.pdf\"><strong>Privacy Policy<\/strong><\/a>[\/vc_column_text][vc_empty_space height=&#8221;20px&#8221;][\/vc_column][vc_column width=&#8221;3\/4&#8243;]<div class='google_map_shortcode_holder' style='height:600px;'><div class='qode_google_map' style='height:600px;' id='map_canvas_23741' data-addresses='[\"Krak\u00f3w, Rynek G\u0142\u00f3wny 17\"]' data-custom-map-style='false' data-color-overlay='#393939' data-saturation='-100' data-lightness='-60' data-zoom='14' data-pin='https:\/\/fine.ngo\/wp-content\/uploads\/2022\/11\/pin_ikona3.png' data-unique-id='23741' data-google-maps-scroll-wheel='false' data-snazzy-map-style='no' data-map-height='600'><\/div><div class='google_map_shortcode_overlay'><\/div><\/div>[\/vc_column][\/vc_row]<\/p>\n<\/section>","protected":false},"excerpt":{"rendered":"<p>[vc_row css_animation=&#8221;&#8221; row_type=&#8221;row&#8221; use_row_as_full_screen_section=&#8221;no&#8221; type=&#8221;grid&#8221; angled_section=&#8221;no&#8221; text_align=&#8221;left&#8221; background_image_as_pattern=&#8221;without_pattern&#8221; z_index=&#8221;&#8221; anchor=&#8221;home&#8221;][vc_column width=&#8221;1\/4&#8243; offset=&#8221;vc_hidden-xs&#8221;][vc_empty_space height=&#8221;370&#8243;][vc_column_text] The Good Emotions Zone [\/vc_column_text][vc_empty_space height=&#8221;15&#8243;][vc_column_text]A Support Program for Leaders of Change: teachers and educators working with children in crisis and under a lot of stress.[\/vc_column_text][\/vc_column][vc_column width=&#8221;3\/4&#8243; offset=&#8221;vc_hidden-xs&#8221;][vc_single_image image=&#8221;1563&#8243; img_size=&#8221;full&#8221; qode_css_animation=&#8221;&#8221;][\/vc_column][\/vc_row][vc_row css_animation=&#8221;&#8221;&#8230;<\/p>\n","protected":false},"author":1,"featured_media":0,"parent":0,"menu_order":0,"comment_status":"closed","ping_status":"closed","template":"full_width.php","meta":{"footnotes":""},"class_list":["post-2030","page","type-page","status-publish","hentry"],"_links":{"self":[{"href":"https:\/\/fine.ngo\/en\/wp-json\/wp\/v2\/pages\/2030","targetHints":{"allow":["GET"]}}],"collection":[{"href":"https:\/\/fine.ngo\/en\/wp-json\/wp\/v2\/pages"}],"about":[{"href":"https:\/\/fine.ngo\/en\/wp-json\/wp\/v2\/types\/page"}],"author":[{"embeddable":true,"href":"https:\/\/fine.ngo\/en\/wp-json\/wp\/v2\/users\/1"}],"replies":[{"embeddable":true,"href":"https:\/\/fine.ngo\/en\/wp-json\/wp\/v2\/comments?post=2030"}],"version-history":[{"count":7,"href":"https:\/\/fine.ngo\/en\/wp-json\/wp\/v2\/pages\/2030\/revisions"}],"predecessor-version":[{"id":2149,"href":"https:\/\/fine.ngo\/en\/wp-json\/wp\/v2\/pages\/2030\/revisions\/2149"}],"wp:attachment":[{"href":"https:\/\/fine.ngo\/en\/wp-json\/wp\/v2\/media?parent=2030"}],"curies":[{"name":"wp","href":"https:\/\/api.w.org\/{rel}","templated":true}]}}