{"id":2039,"date":"2023-01-23T20:44:57","date_gmt":"2023-01-23T19:44:57","guid":{"rendered":"https:\/\/fine.ngo\/primer\/"},"modified":"2023-03-29T15:13:12","modified_gmt":"2023-03-29T13:13:12","slug":"primer","status":"publish","type":"page","link":"https:\/\/fine.ngo\/en\/primer\/","title":{"rendered":"Primer"},"content":{"rendered":"<section class=\"wpb-content-wrapper\"><p>[vc_row css_animation=&#8221;&#8221; row_type=&#8221;row&#8221; use_row_as_full_screen_section=&#8221;no&#8221; type=&#8221;grid&#8221; angled_section=&#8221;no&#8221; text_align=&#8221;left&#8221; background_image_as_pattern=&#8221;without_pattern&#8221; z_index=&#8221;&#8221; anchor=&#8221;home&#8221;][vc_column width=&#8221;1\/4&#8243; offset=&#8221;vc_hidden-xs&#8221;][vc_empty_space height=&#8221;375&#8243;][vc_column_text]<\/p>\n<h3>Primer<\/h3>\n<p>[\/vc_column_text][vc_empty_space height=&#8221;15&#8243;][vc_column_text]A textbook (ABC book) for developing the reading skills of Ukrainian children. The first steps to learning Polish.[\/vc_column_text][vc_empty_space height=&#8221;15&#8243;]<a  itemprop=\"url\" href=\"https:\/\/fine.ngo\/wp-content\/uploads\/2023\/01\/elementarz.pdf\" target=\"_self\"  class=\"qbutton  small default\" style=\"\">DOWNLOAD PRIMER<\/a>[\/vc_column][vc_column width=&#8221;3\/4&#8243; offset=&#8221;vc_hidden-xs&#8221;][vc_single_image image=&#8221;1783&#8243; img_size=&#8221;full&#8221; qode_css_animation=&#8221;&#8221;][\/vc_column][\/vc_row][vc_row css_animation=&#8221;&#8221; row_type=&#8221;row&#8221; use_row_as_full_screen_section=&#8221;no&#8221; type=&#8221;full_width&#8221; angled_section=&#8221;no&#8221; text_align=&#8221;left&#8221; background_image_as_pattern=&#8221;without_pattern&#8221; z_index=&#8221;&#8221; anchor=&#8221;home&#8221;][vc_column offset=&#8221;vc_hidden-lg vc_hidden-md vc_hidden-sm&#8221;][vc_single_image image=&#8221;1783&#8243; img_size=&#8221;full&#8221; qode_css_animation=&#8221;&#8221;][\/vc_column][\/vc_row][vc_row css_animation=&#8221;&#8221; row_type=&#8221;row&#8221; use_row_as_full_screen_section=&#8221;no&#8221; type=&#8221;grid&#8221; angled_section=&#8221;no&#8221; text_align=&#8221;left&#8221; background_image_as_pattern=&#8221;without_pattern&#8221; anchor=&#8221;o-nas&#8221; z_index=&#8221;&#8221; css=&#8221;.vc_custom_1653407808004{padding-top: 80px !important;}&#8221;][vc_column][vc_separator type=&#8221;normal&#8221;][\/vc_column][\/vc_row][vc_row css_animation=&#8221;&#8221; row_type=&#8221;row&#8221; use_row_as_full_screen_section=&#8221;no&#8221; type=&#8221;grid&#8221; angled_section=&#8221;no&#8221; text_align=&#8221;left&#8221; background_image_as_pattern=&#8221;without_pattern&#8221; css=&#8221;.vc_custom_1671674265340{padding-top: 30px !important;}&#8221; z_index=&#8221;&#8221;][vc_column width=&#8221;1\/4&#8243;][vc_column_text]<\/p>\n<h3>About project<\/h3>\n<p>[\/vc_column_text][vc_empty_space][\/vc_column][vc_column width=&#8221;3\/4&#8243;][vc_row_inner row_type=&#8221;row&#8221; type=&#8221;full_width&#8221; text_align=&#8221;left&#8221; css_animation=&#8221;&#8221;][vc_column_inner width=&#8221;1\/2&#8243;][vc_empty_space height=&#8221;10px&#8221;][vc_column_text]Beautifully illustrated and enriched with additional extra elements such as cutouts and coloring sheets, the primer will make learning Polish easy and enjoyable. Prepared primarily for children from Ukraine but also applicable to Polish pupils.<\/p>\n<p>&nbsp;<\/p>\n<p>Let us introduce you to Maks, Nina, Aleks, and Ala. They will accompany you as you enter the magical world of letters. You&#8217;ll learn to read single words in syllables and then simple sentences. You&#8217;ll learn the names of animals, vehicles, jobs, instruments, everyday routines, and other words we use to describe our closest environments.[\/vc_column_text][\/vc_column_inner][vc_column_inner width=&#8221;1\/2&#8243;][vc_empty_space height=&#8221;10px&#8221;][vc_column_text]The primer is a book intended for children from both Ukraine and Poland who are beginning to learn the Polish language. There is no room for boredom in our primer. There are simple vocabulary and grammar exercises. The tasks are designed to train listening and repetition skills, comprehension, independent speaking, and reading. It&#8217;s a book ideal for flipping through, reading, having fun, and talking. For children, parents, teachers, and speech therapists.[\/vc_column_text][\/vc_column_inner][\/vc_row_inner][vc_empty_space][vc_video link=&#8221;https:\/\/youtu.be\/4X4kuiDggpk&#8221;][\/vc_column][\/vc_row][vc_row css_animation=&#8221;&#8221; row_type=&#8221;row&#8221; use_row_as_full_screen_section=&#8221;no&#8221; type=&#8221;grid&#8221; angled_section=&#8221;no&#8221; text_align=&#8221;left&#8221; background_image_as_pattern=&#8221;without_pattern&#8221; anchor=&#8221;o-nas&#8221; z_index=&#8221;&#8221; css=&#8221;.vc_custom_1653407808004{padding-top: 80px !important;}&#8221;][vc_column][vc_separator type=&#8221;normal&#8221;][\/vc_column][\/vc_row][vc_row css_animation=&#8221;&#8221; row_type=&#8221;row&#8221; use_row_as_full_screen_section=&#8221;no&#8221; type=&#8221;grid&#8221; angled_section=&#8221;no&#8221; text_align=&#8221;left&#8221; background_image_as_pattern=&#8221;without_pattern&#8221; css=&#8221;.vc_custom_1671674277156{padding-top: 30px !important;padding-bottom: 150px !important;}&#8221; z_index=&#8221;&#8221;][vc_column width=&#8221;1\/4&#8243;][vc_column_text]<\/p>\n<h3>Download Primer<\/h3>\n<p>[\/vc_column_text][vc_empty_space][\/vc_column][vc_column width=&#8221;3\/4&#8243;][vc_row_inner row_type=&#8221;row&#8221; type=&#8221;full_width&#8221; text_align=&#8221;left&#8221; css_animation=&#8221;&#8221;][vc_column_inner][vc_empty_space height=&#8221;10px&#8221;][vc_single_image image=&#8221;1752&#8243; img_size=&#8221;full&#8221; onclick=&#8221;custom_link&#8221; img_link_target=&#8221;_blank&#8221; qode_css_animation=&#8221;&#8221; qode_hover_animation=&#8221;zoom_in&#8221; link=&#8221;https:\/\/fine.ngo\/wp-content\/uploads\/2023\/01\/elementarz.pdf&#8221;][\/vc_column_inner][\/vc_row_inner][\/vc_column][\/vc_row][vc_row css_animation=&#8221;&#8221; row_type=&#8221;row&#8221; use_row_as_full_screen_section=&#8221;no&#8221; type=&#8221;grid&#8221; angled_section=&#8221;no&#8221; text_align=&#8221;left&#8221; background_image_as_pattern=&#8221;without_pattern&#8221; z_index=&#8221;&#8221; css=&#8221;.vc_custom_1671047574829{padding-top: 80px !important;padding-bottom: 80px !important;background-color: #000000 !important;}&#8221; el_id=&#8221;6&#8243; anchor=&#8221;kontakt&#8221;][vc_column width=&#8221;1\/4&#8243;][vc_column_text]<\/p>\n<h3><span style=\"color: #f2f2f2;\">Contact<\/span><\/h3>\n<p>[\/vc_column_text][vc_empty_space][vc_column_text]<span style=\"color: #f2f2f2;\"><strong>Krak\u00f3w<\/strong><\/span><\/p>\n<p><span style=\"color: #f2f2f2;\">Kamienica Hetma\u0144ska<\/span><br \/>\n<span style=\"color: #f2f2f2;\">Rynek G\u0142\u00f3wny 17<\/span><br \/>\n<span style=\"color: #f2f2f2;\">(wej\u015bcie od ul. Brackiej)<\/span><\/p>\n<p>&nbsp;<\/p>\n<p><span style=\"color: #f2f2f2;\">e-mail:<\/span> <a href=\"mailto:be@fine.ngo\" target=\"_blank\" rel=\"noopener\">be@fine.ngo<\/a><\/p>\n<p>[\/vc_column_text][vc_empty_space height=&#8221;15px&#8221;][vc_column_text]<span class='q_social_icon_holder circle_social' data-color=#000000 data-hover-background-color=#000000 data-hover-border-color=#000000 data-hover-color=#fff><a itemprop='url' href='https:\/\/www.facebook.com\/FINEKRAKOW' target='_self'><span class='fa-stack ' style='background-color: #ffffff;border-color: #000000;border-width: 2px;margin: 0 0 0 0;font-size: 17px;'><i class=\"qode_icon_font_awesome fa fa-facebook-f \" style=\"color: #000000;font-size: 17px;\" ><\/i><\/span><\/a><\/span><span class='q_social_icon_holder circle_social' data-color=#000000 data-hover-background-color=#000000 data-hover-border-color=#000000 data-hover-color=#fff><a itemprop='url' href='https:\/\/www.instagram.com\/fine.ngo\/' target='_self'><span class='fa-stack ' style='background-color: #ffffff;border-color: #000000;border-width: 2px;margin: 0 0 0 25px;font-size: 17px;'><i class=\"qode_icon_font_awesome fa fa-instagram \" style=\"color: #000000;font-size: 17px;\" ><\/i><\/span><\/a><\/span><span class='q_social_icon_holder circle_social' data-color=#000000 data-hover-background-color=#000000 data-hover-border-color=#000000 data-hover-color=#fff><a itemprop='url' href='https:\/\/www.youtube.com\/channel\/UCoeb7gf1cWQmDqtXtQNyzMg' target='_self'><span class='fa-stack ' style='background-color: #ffffff;border-color: #000000;border-width: 2px;margin: 0 0 0 25px;font-size: 17px;'><i class=\"qode_icon_font_awesome fa fa-youtube \" style=\"color: #000000;font-size: 17px;\" ><\/i><\/span><\/a><\/span>[\/vc_column_text][vc_empty_space height=&#8221;15px&#8221;][vc_column_text]<a href=\"https:\/\/fine.ngo\/wp-content\/uploads\/2022\/12\/Polityka-prywatnosci.pdf\"><strong>Privacy police<\/strong><\/a>[\/vc_column_text][vc_empty_space height=&#8221;20px&#8221;][\/vc_column][vc_column width=&#8221;3\/4&#8243;]<div class='google_map_shortcode_holder' style='height:600px;'><div class='qode_google_map' style='height:600px;' id='map_canvas_11633' data-addresses='[\"Krak\u00f3w, Rynek G\u0142\u00f3wny 17\"]' data-custom-map-style='false' data-color-overlay='#393939' data-saturation='-100' data-lightness='-60' data-zoom='14' data-pin='https:\/\/fine.ngo\/wp-content\/uploads\/2022\/11\/pin_ikona3.png' data-unique-id='11633' data-google-maps-scroll-wheel='false' data-snazzy-map-style='no' data-map-height='600'><\/div><div class='google_map_shortcode_overlay'><\/div><\/div>[\/vc_column][\/vc_row]<\/p>\n<\/section>","protected":false},"excerpt":{"rendered":"<p>[vc_row css_animation=&#8221;&#8221; row_type=&#8221;row&#8221; use_row_as_full_screen_section=&#8221;no&#8221; type=&#8221;grid&#8221; angled_section=&#8221;no&#8221; text_align=&#8221;left&#8221; background_image_as_pattern=&#8221;without_pattern&#8221; z_index=&#8221;&#8221; anchor=&#8221;home&#8221;][vc_column width=&#8221;1\/4&#8243; offset=&#8221;vc_hidden-xs&#8221;][vc_empty_space height=&#8221;375&#8243;][vc_column_text] Primer [\/vc_column_text][vc_empty_space height=&#8221;15&#8243;][vc_column_text]A textbook (ABC book) for developing the reading skills of Ukrainian children. The first steps to learning Polish.[\/vc_column_text][vc_empty_space height=&#8221;15&#8243;][\/vc_column][vc_column width=&#8221;3\/4&#8243; offset=&#8221;vc_hidden-xs&#8221;][vc_single_image image=&#8221;1783&#8243; img_size=&#8221;full&#8221; qode_css_animation=&#8221;&#8221;][\/vc_column][\/vc_row][vc_row css_animation=&#8221;&#8221; row_type=&#8221;row&#8221; use_row_as_full_screen_section=&#8221;no&#8221; type=&#8221;full_width&#8221; angled_section=&#8221;no&#8221; text_align=&#8221;left&#8221;&#8230;<\/p>\n","protected":false},"author":1,"featured_media":0,"parent":0,"menu_order":0,"comment_status":"closed","ping_status":"closed","template":"full_width.php","meta":{"footnotes":""},"class_list":["post-2039","page","type-page","status-publish","hentry"],"_links":{"self":[{"href":"https:\/\/fine.ngo\/en\/wp-json\/wp\/v2\/pages\/2039","targetHints":{"allow":["GET"]}}],"collection":[{"href":"https:\/\/fine.ngo\/en\/wp-json\/wp\/v2\/pages"}],"about":[{"href":"https:\/\/fine.ngo\/en\/wp-json\/wp\/v2\/types\/page"}],"author":[{"embeddable":true,"href":"https:\/\/fine.ngo\/en\/wp-json\/wp\/v2\/users\/1"}],"replies":[{"embeddable":true,"href":"https:\/\/fine.ngo\/en\/wp-json\/wp\/v2\/comments?post=2039"}],"version-history":[{"count":5,"href":"https:\/\/fine.ngo\/en\/wp-json\/wp\/v2\/pages\/2039\/revisions"}],"predecessor-version":[{"id":2110,"href":"https:\/\/fine.ngo\/en\/wp-json\/wp\/v2\/pages\/2039\/revisions\/2110"}],"wp:attachment":[{"href":"https:\/\/fine.ngo\/en\/wp-json\/wp\/v2\/media?parent=2039"}],"curies":[{"name":"wp","href":"https:\/\/api.w.org\/{rel}","templated":true}]}}