{"id":2044,"date":"2023-01-23T20:52:35","date_gmt":"2023-01-23T19:52:35","guid":{"rendered":"https:\/\/fine.ngo\/audio-theater-far-and-near\/"},"modified":"2023-01-23T20:54:41","modified_gmt":"2023-01-23T19:54:41","slug":"audio-theater-far-and-near","status":"publish","type":"page","link":"https:\/\/fine.ngo\/en\/audio-theater-far-and-near\/","title":{"rendered":"Audio Theater Far and near"},"content":{"rendered":"<section class=\"wpb-content-wrapper\"><p>[vc_row css_animation=&#8221;&#8221; row_type=&#8221;row&#8221; use_row_as_full_screen_section=&#8221;no&#8221; type=&#8221;grid&#8221; angled_section=&#8221;no&#8221; text_align=&#8221;left&#8221; background_image_as_pattern=&#8221;without_pattern&#8221; z_index=&#8221;&#8221; anchor=&#8221;home&#8221;][vc_column width=&#8221;1\/4&#8243; offset=&#8221;vc_hidden-xs&#8221;][vc_empty_space height=&#8221;350&#8243;][vc_column_text]<\/p>\n<h3>Audio Theater<br \/><em>Far and near<\/em><\/h3>\n<p><\/p>\n<p>[\/vc_column_text][vc_empty_space height=&#8221;15px&#8221;][vc_column_text]Old and unfamiliar stories and fairytales will take us on a musical journey and allow us to get to know the world: far and near, the known and the unknown, imaginary and the real. Superheroes?[\/vc_column_text][\/vc_column][vc_column width=&#8221;3\/4&#8243; offset=&#8221;vc_hidden-xs&#8221;][vc_single_image image=&#8221;1612&#8243; img_size=&#8221;full&#8221; qode_css_animation=&#8221;&#8221;][\/vc_column][\/vc_row][vc_row css_animation=&#8221;&#8221; row_type=&#8221;row&#8221; use_row_as_full_screen_section=&#8221;no&#8221; type=&#8221;full_width&#8221; angled_section=&#8221;no&#8221; text_align=&#8221;left&#8221; background_image_as_pattern=&#8221;without_pattern&#8221; z_index=&#8221;&#8221; anchor=&#8221;home&#8221;][vc_column offset=&#8221;vc_hidden-lg vc_hidden-md vc_hidden-sm&#8221;][vc_single_image image=&#8221;1612&#8243; img_size=&#8221;full&#8221; qode_css_animation=&#8221;&#8221;][\/vc_column][\/vc_row][vc_row css_animation=&#8221;&#8221; row_type=&#8221;row&#8221; use_row_as_full_screen_section=&#8221;no&#8221; type=&#8221;grid&#8221; angled_section=&#8221;no&#8221; text_align=&#8221;left&#8221; background_image_as_pattern=&#8221;without_pattern&#8221; anchor=&#8221;o-nas&#8221; z_index=&#8221;&#8221; css=&#8221;.vc_custom_1653407808004{padding-top: 80px !important;}&#8221;][vc_column]<\/p>\n<p>[vc_separator type=&#8221;normal&#8221;]<\/p>\n<p>[\/vc_column][\/vc_row][vc_row css_animation=&#8221;&#8221; row_type=&#8221;row&#8221; use_row_as_full_screen_section=&#8221;no&#8221; type=&#8221;grid&#8221; angled_section=&#8221;no&#8221; text_align=&#8221;left&#8221; background_image_as_pattern=&#8221;without_pattern&#8221; anchor=&#8221;onas&#8221; css=&#8221;.vc_custom_1651582313665{padding-top: 30px !important;}&#8221; z_index=&#8221;&#8221;][vc_column width=&#8221;1\/4&#8243;][vc_column_text]<\/p>\n<h3>About project<\/h3>\n<p><\/p>\n<p>[\/vc_column_text][vc_empty_space][\/vc_column][vc_column width=&#8221;3\/4&#8243;][vc_row_inner row_type=&#8221;row&#8221; type=&#8221;full_width&#8221; text_align=&#8221;left&#8221; css_animation=&#8221;&#8221;][vc_column_inner width=&#8221;1\/2&#8243;][vc_empty_space height=&#8221;10px&#8221;][vc_column_text]<\/p>\n<p>Old and unfamiliar stories and fairytales will take us on a musical journey and allow us to get to know the world: far and near, the known and the unknown, imaginary and the real. Superheroes? They&#8217;re there! The smartest girls in the world? Of course! Unearthly creatures? Sure thing! And a bit of knowledge along the way.<\/p>\n<p> [\/vc_column_text][\/vc_column_inner][vc_column_inner width=&#8221;1\/2&#8243;][vc_empty_space height=&#8221;10px&#8221;][vc_column_text]<\/p>\n<p>You won&#8217;t find some of these stories in any other fairytale books. And thanks to them, you will allow your imagination to fly, your senses to sharpen, and your mind to be delighted. Plus, you&#8217;ll get to know new cultures and countries, you&#8217;ll see how close to each other we humans are, how similar and different we are at the same time, and how wonderful this is!<\/p>\n<p><\/p>\n<p>Turn on the audio theater and fly far and near with us!<\/p>\n<p>[\/vc_column_text][\/vc_column_inner][\/vc_row_inner][\/vc_column][\/vc_row][vc_row css_animation=&#8221;&#8221; row_type=&#8221;row&#8221; use_row_as_full_screen_section=&#8221;no&#8221; type=&#8221;grid&#8221; angled_section=&#8221;no&#8221; text_align=&#8221;left&#8221; background_image_as_pattern=&#8221;without_pattern&#8221; anchor=&#8221;o-nas&#8221; z_index=&#8221;&#8221; css=&#8221;.vc_custom_1653407808004{padding-top: 80px !important;}&#8221;][vc_column]<\/p>\n<p>[vc_separator type=&#8221;normal&#8221;]<\/p>\n<p>[\/vc_column][\/vc_row][vc_row css_animation=&#8221;&#8221; row_type=&#8221;row&#8221; use_row_as_full_screen_section=&#8221;no&#8221; type=&#8221;grid&#8221; angled_section=&#8221;no&#8221; text_align=&#8221;left&#8221; background_image_as_pattern=&#8221;without_pattern&#8221; anchor=&#8221;onas&#8221; css=&#8221;.vc_custom_1671134502439{border-bottom-width: 80px !important;padding-top: 30px !important;}&#8221; z_index=&#8221;&#8221;][vc_column width=&#8221;1\/4&#8243;][vc_column_text]<\/p>\n<h3>Listen<\/h3>\n<p><\/p>\n<p>[\/vc_column_text][vc_empty_space][\/vc_column][vc_column width=&#8221;3\/4&#8243;][vc_row_inner row_type=&#8221;row&#8221; type=&#8221;full_width&#8221; text_align=&#8221;left&#8221; css_animation=&#8221;&#8221; css=&#8221;.vc_custom_1671135326692{padding-bottom: 80px !important;}&#8221;][vc_column_inner][vc_empty_space height=&#8221;10px&#8221;][vc_column_text]<\/p>\n<p><span contenteditable=\"false\" data-mce-object=\"iframe\" class=\"mce-preview-object mce-object-iframe\" data-mce-p-scrolling=\"no\" data-mce-p-frameborder=\"no\" data-mce-p-src=\"https:\/\/w.soundcloud.com\/player\/?url=https%3A\/\/api.soundcloud.com\/playlists\/1541972029&amp;color=%23ff5500&amp;auto_play=false&amp;hide_related=false&amp;show_comments=true&amp;show_user=true&amp;show_reposts=false&amp;show_teaser=true\"><iframe loading=\"lazy\" src=\"https:\/\/w.soundcloud.com\/player\/?url=https%3A\/\/api.soundcloud.com\/playlists\/1541972029&amp;color=%23ff5500&amp;auto_play=false&amp;hide_related=false&amp;show_comments=true&amp;show_user=true&amp;show_reposts=false&amp;show_teaser=true\" width=\"100%\" height=\"450\" frameborder=\"0\"><\/iframe><span class=\"mce-shim\"><\/span><\/span><\/p>\n<div style=\"font-size: 10px; color: #cccccc; line-break: anywhere; word-break: normal; overflow: hidden; white-space: nowrap; text-overflow: ellipsis; font-family: Interstate,Lucida Grande,Lucida Sans Unicode,Lucida Sans,Garuda,Verdana,Tahoma,sans-serif; font-weight: 100;\" data-mce-style=\"font-size: 10px; color: #cccccc; line-break: anywhere; word-break: normal; overflow: hidden; white-space: nowrap; text-overflow: ellipsis; font-family: Interstate,Lucida Grande,Lucida Sans Unicode,Lucida Sans,Garuda,Verdana,Tahoma,sans-serif; font-weight: 100;\"><a style=\"color: #cccccc; text-decoration: none;\" title=\"Fundacja Fine\" href=\"https:\/\/soundcloud.com\/fundacja-fine\" target=\"_blank\" rel=\"noopener\" data-mce-href=\"https:\/\/soundcloud.com\/fundacja-fine\" data-mce-style=\"color: #cccccc; text-decoration: none;\">Fundacja Fine<\/a> \u00b7 <a style=\"color: #cccccc; text-decoration: none;\" title=\"S\u0142uchowisko Daleko i Blisko. Ba\u015bnie i legendy ukrai\u0144skie\" href=\"https:\/\/soundcloud.com\/fundacja-fine\/sets\/sluchowisko-daleko-i-blisko-basnie-i-legendy-ukrainskie\" target=\"_blank\" rel=\"noopener\" data-mce-href=\"https:\/\/soundcloud.com\/fundacja-fine\/sets\/sluchowisko-daleko-i-blisko-basnie-i-legendy-ukrainskie\" data-mce-style=\"color: #cccccc; text-decoration: none;\">S\u0142uchowisko Daleko i Blisko. Ba\u015bnie i legendy ukrai\u0144skie<\/a><\/div>\n<p><\/p>\n<p>[\/vc_column_text][\/vc_column_inner][\/vc_row_inner][\/vc_column][\/vc_row][vc_row css_animation=&#8221;&#8221; row_type=&#8221;row&#8221; use_row_as_full_screen_section=&#8221;no&#8221; type=&#8221;grid&#8221; angled_section=&#8221;no&#8221; text_align=&#8221;left&#8221; background_image_as_pattern=&#8221;without_pattern&#8221; z_index=&#8221;&#8221; css=&#8221;.vc_custom_1671047574829{padding-top: 80px !important;padding-bottom: 80px !important;background-color: #000000 !important;}&#8221; el_id=&#8221;6&#8243; anchor=&#8221;kontakt&#8221;][vc_column width=&#8221;1\/4&#8243;][vc_column_text]<\/p>\n<h3><span style=\"color: #f2f2f2;\" data-mce-style=\"color: #f2f2f2;\">Contact<\/span><\/h3>\n<p><\/p>\n<p>[\/vc_column_text][vc_empty_space][vc_column_text]<\/p>\n<p><span style=\"color: #f2f2f2;\" data-mce-style=\"color: #f2f2f2;\"><strong>Krak\u00f3w<\/strong><\/span><\/p>\n<p><span style=\"color: #f2f2f2;\" data-mce-style=\"color: #f2f2f2;\">Kamienica Hetma\u0144ska<\/span><br \/><span style=\"color: #f2f2f2;\" data-mce-style=\"color: #f2f2f2;\">Rynek G\u0142\u00f3wny 17<\/span><br \/><span style=\"color: #f2f2f2;\" data-mce-style=\"color: #f2f2f2;\">(wej\u015bcie od ul. Brackiej)<\/span><\/p>\n<p><\/p>\n<p><span style=\"color: #f2f2f2;\" data-mce-style=\"color: #f2f2f2;\">e-mail:<\/span> <a href=\"mailto:be@fine.ngo\" target=\"_blank\" rel=\"noopener\" data-mce-href=\"mailto:be@fine.ngo\">be@fine.ngo<\/a><\/p>\n<p>[\/vc_column_text][vc_empty_space height=&#8221;15px&#8221;][vc_column_text]<span class='q_social_icon_holder circle_social' data-color=#000000 data-hover-background-color=#000000 data-hover-border-color=#000000 data-hover-color=#fff><a itemprop='url' href='https:\/\/www.facebook.com\/FINEKRAKOW' target='_self'><span class='fa-stack ' style='background-color: #ffffff;border-color: #000000;border-width: 2px;margin: 0 0 0 0;font-size: 17px;'><i class=\"qode_icon_font_awesome fa fa-facebook-f \" style=\"color: #000000;font-size: 17px;\" ><\/i><\/span><\/a><\/span><span class='q_social_icon_holder circle_social' data-color=#000000 data-hover-background-color=#000000 data-hover-border-color=#000000 data-hover-color=#fff><a itemprop='url' href='https:\/\/www.instagram.com\/fine.ngo\/' target='_self'><span class='fa-stack ' style='background-color: #ffffff;border-color: #000000;border-width: 2px;margin: 0 0 0 25px;font-size: 17px;'><i class=\"qode_icon_font_awesome fa fa-instagram \" style=\"color: #000000;font-size: 17px;\" ><\/i><\/span><\/a><\/span><span class='q_social_icon_holder circle_social' data-color=#000000 data-hover-background-color=#000000 data-hover-border-color=#000000 data-hover-color=#fff><a itemprop='url' href='https:\/\/www.youtube.com\/channel\/UCoeb7gf1cWQmDqtXtQNyzMg' target='_self'><span class='fa-stack ' style='background-color: #ffffff;border-color: #000000;border-width: 2px;margin: 0 0 0 25px;font-size: 17px;'><i class=\"qode_icon_font_awesome fa fa-youtube \" style=\"color: #000000;font-size: 17px;\" ><\/i><\/span><\/a><\/span>[\/vc_column_text][vc_empty_space height=&#8221;15px&#8221;][vc_column_text]<\/p>\n<p><a href=\"https:\/\/fine.ngo\/wp-content\/uploads\/2022\/12\/Polityka-prywatnosci.pdf\" data-mce-href=\"https:\/\/fine.ngo\/wp-content\/uploads\/2022\/12\/Polityka-prywatnosci.pdf\"><strong>Privacy police<\/strong><\/a><\/p>\n<p>[\/vc_column_text][vc_empty_space height=&#8221;20px&#8221;][\/vc_column][vc_column width=&#8221;3\/4&#8243;]<\/p>\n<div class='google_map_shortcode_holder' style='height:600px;'><div class='qode_google_map' style='height:600px;' id='map_canvas_57410' data-addresses='[\"Krak\u00f3w, Rynek G\u0142\u00f3wny 17\"]' data-custom-map-style='false' data-color-overlay='#393939' data-saturation='-100' data-lightness='-60' data-zoom='14' data-pin='https:\/\/fine.ngo\/wp-content\/uploads\/2022\/11\/pin_ikona3.png' data-unique-id='57410' data-google-maps-scroll-wheel='false' data-snazzy-map-style='no' data-map-height='600'><\/div><div class='google_map_shortcode_overlay'><\/div><\/div>\n<p>[\/vc_column][\/vc_row]<\/p>\n<\/section>","protected":false},"excerpt":{"rendered":"<p>[vc_row css_animation=&#8221;&#8221; row_type=&#8221;row&#8221; use_row_as_full_screen_section=&#8221;no&#8221; type=&#8221;grid&#8221; angled_section=&#8221;no&#8221; text_align=&#8221;left&#8221; background_image_as_pattern=&#8221;without_pattern&#8221; z_index=&#8221;&#8221; anchor=&#8221;home&#8221;][vc_column width=&#8221;1\/4&#8243; offset=&#8221;vc_hidden-xs&#8221;][vc_empty_space height=&#8221;350&#8243;][vc_column_text] Audio TheaterFar and near [\/vc_column_text][vc_empty_space height=&#8221;15px&#8221;][vc_column_text]Old and unfamiliar stories and fairytales will take us on a musical journey and allow us to get to know the world: far and near, the known&#8230;<\/p>\n","protected":false},"author":1,"featured_media":0,"parent":0,"menu_order":0,"comment_status":"closed","ping_status":"closed","template":"full_width.php","meta":{"footnotes":""},"class_list":["post-2044","page","type-page","status-publish","hentry"],"_links":{"self":[{"href":"https:\/\/fine.ngo\/en\/wp-json\/wp\/v2\/pages\/2044","targetHints":{"allow":["GET"]}}],"collection":[{"href":"https:\/\/fine.ngo\/en\/wp-json\/wp\/v2\/pages"}],"about":[{"href":"https:\/\/fine.ngo\/en\/wp-json\/wp\/v2\/types\/page"}],"author":[{"embeddable":true,"href":"https:\/\/fine.ngo\/en\/wp-json\/wp\/v2\/users\/1"}],"replies":[{"embeddable":true,"href":"https:\/\/fine.ngo\/en\/wp-json\/wp\/v2\/comments?post=2044"}],"version-history":[{"count":7,"href":"https:\/\/fine.ngo\/en\/wp-json\/wp\/v2\/pages\/2044\/revisions"}],"predecessor-version":[{"id":2051,"href":"https:\/\/fine.ngo\/en\/wp-json\/wp\/v2\/pages\/2044\/revisions\/2051"}],"wp:attachment":[{"href":"https:\/\/fine.ngo\/en\/wp-json\/wp\/v2\/media?parent=2044"}],"curies":[{"name":"wp","href":"https:\/\/api.w.org\/{rel}","templated":true}]}}