{"id":1427,"date":"2022-12-07T16:46:50","date_gmt":"2022-12-07T15:46:50","guid":{"rendered":"https:\/\/fine.ngo\/meeting-point\/"},"modified":"2023-12-04T19:30:51","modified_gmt":"2023-12-04T18:30:51","slug":"meeting-point","status":"publish","type":"page","link":"https:\/\/fine.ngo\/uk\/meeting-point\/","title":{"rendered":"Meeting Point"},"content":{"rendered":"<section class=\"wpb-content-wrapper\"><p>[vc_row css_animation=&#8221;&#8221; row_type=&#8221;row&#8221; use_row_as_full_screen_section=&#8221;no&#8221; type=&#8221;grid&#8221; angled_section=&#8221;no&#8221; text_align=&#8221;left&#8221; background_image_as_pattern=&#8221;without_pattern&#8221; z_index=&#8221;&#8221; anchor=&#8221;home&#8221;][vc_column width=&#8221;1\/4&#8243; offset=&#8221;vc_hidden-xs&#8221;][vc_empty_space height=&#8221;430px&#8221;][vc_column_text]<\/p>\n<h3>Fine Space<\/h3>\n<p>[\/vc_column_text][vc_empty_space height=&#8221;15px&#8221;][vc_column_text]\u041f\u0440\u043e\u0441\u0442\u0456\u0440 \u0442\u0432\u043e\u0440\u0447\u043e\u0457 \u0456\u043d\u0442\u0435\u0433\u0440\u0430\u0446\u0456\u0457. \u041c\u0456\u0441\u0446\u0435 \u0434\u043b\u044f \u043c\u0430\u0439\u0441\u0442\u0435\u0440-\u043a\u043b\u0430\u0441\u0456\u0432, \u043d\u0430\u0432\u0447\u0430\u043d\u043d\u044f, \u0437\u0443\u0441\u0442\u0440\u0456\u0447\u0435\u0439 \u0442\u0430 \u043e\u0431\u043c\u0456\u043d\u0443 \u0434\u043e\u0441\u0432\u0456\u0434\u043e\u043c.[\/vc_column_text][\/vc_column][vc_column width=&#8221;3\/4&#8243; offset=&#8221;vc_hidden-xs&#8221;][vc_single_image image=&#8221;2351&#8243; img_size=&#8221;full&#8221; qode_css_animation=&#8221;&#8221;][\/vc_column][\/vc_row][vc_row css_animation=&#8221;&#8221; row_type=&#8221;row&#8221; use_row_as_full_screen_section=&#8221;no&#8221; type=&#8221;full_width&#8221; angled_section=&#8221;no&#8221; text_align=&#8221;left&#8221; background_image_as_pattern=&#8221;without_pattern&#8221; z_index=&#8221;&#8221; anchor=&#8221;home&#8221;][vc_column offset=&#8221;vc_hidden-lg vc_hidden-md vc_hidden-sm&#8221;][vc_single_image image=&#8221;2351&#8243; img_size=&#8221;full&#8221; qode_css_animation=&#8221;&#8221;][\/vc_column][\/vc_row][vc_row css_animation=&#8221;&#8221; row_type=&#8221;row&#8221; use_row_as_full_screen_section=&#8221;no&#8221; type=&#8221;grid&#8221; angled_section=&#8221;no&#8221; text_align=&#8221;left&#8221; background_image_as_pattern=&#8221;without_pattern&#8221; z_index=&#8221;&#8221; anchor=&#8221;home&#8221; css=&#8221;.vc_custom_1673343479306{padding-top: 80px !important;}&#8221;][vc_column][vc_separator type=&#8221;normal&#8221;][\/vc_column][\/vc_row][vc_row css_animation=&#8221;&#8221; row_type=&#8221;row&#8221; use_row_as_full_screen_section=&#8221;no&#8221; type=&#8221;grid&#8221; angled_section=&#8221;no&#8221; text_align=&#8221;left&#8221; background_image_as_pattern=&#8221;without_pattern&#8221; anchor=&#8221;onas&#8221; css=&#8221;.vc_custom_1651582313665{padding-top: 30px !important;}&#8221; z_index=&#8221;&#8221;][vc_column width=&#8221;1\/4&#8243;][vc_column_text]<\/p>\n<h3>\u041f\u0440\u043e \u043f\u0440\u043e\u0454\u043a\u0442<\/h3>\n<p>[\/vc_column_text][vc_empty_space][\/vc_column][vc_column width=&#8221;3\/4&#8243;][vc_row_inner row_type=&#8221;row&#8221; type=&#8221;full_width&#8221; text_align=&#8221;left&#8221; css_animation=&#8221;&#8221;][vc_column_inner width=&#8221;1\/2&#8243;][vc_empty_space height=&#8221;10px&#8221;][vc_column_text]<span style=\"font-size: 14pt;\"><b>\u041f\u0440\u043e\u0441\u0442\u0456\u0440 \u0442\u0432\u043e\u0440\u0447\u043e\u0457 \u0456\u043d\u0442\u0435\u0433\u0440\u0430\u0446\u0456\u0457. \u041c\u0456\u0441\u0446\u0435 \u0434\u043b\u044f \u043c\u0430\u0439\u0441\u0442\u0435\u0440-\u043a\u043b\u0430\u0441\u0456\u0432, \u043d\u0430\u0432\u0447\u0430\u043d\u043d\u044f, \u0437\u0443\u0441\u0442\u0440\u0456\u0447\u0435\u0439 \u0442\u0430 \u043e\u0431\u043c\u0456\u043d\u0443 \u0434\u043e\u0441\u0432\u0456\u0434\u043e\u043c.<br \/>\n<\/b><\/span><\/p>\n<p>&nbsp;<\/p>\n<p>\u0423 Fine Space \u043c\u0438 \u0432\u0456\u0440\u0438\u043c\u043e, \u0449\u043e \u0441\u043f\u0456\u043b\u044c\u043d\u0438\u0439 \u0440\u043e\u0437\u0432\u0438\u0442\u043e\u043a \u0456\u043d\u0442\u0435\u0440\u0435\u0441\u0456\u0432 \u0442\u0430 \u0437\u0430\u0445\u043e\u043f\u043b\u0435\u043d\u044c \u0454 \u0447\u0443\u0434\u043e\u0432\u0438\u043c \u0456\u043d\u0441\u0442\u0440\u0443\u043c\u0435\u043d\u0442\u043e\u043c \u0434\u043b\u044f \u0456\u043d\u0442\u0435\u0433\u0440\u0430\u0446\u0456\u0457. \u041c\u0438 \u0432\u0456\u0440\u0438\u043c\u043e \u0432 \u0441\u0438\u043b\u0443 \u0437\u0430\u043b\u0443\u0447\u0435\u043d\u043e\u0457 \u0433\u0440\u043e\u043c\u0430\u0434\u0438. \u0421\u0430\u043c\u0435 \u0442\u043e\u043c\u0443 \u043c\u0438 \u043f\u0456\u0434\u0442\u0440\u0438\u043c\u0443\u0454\u043c\u043e \u0434\u0456\u0442\u0435\u0439, \u043c\u043e\u043b\u043e\u0434\u044c \u0442\u0430 \u0457\u0445\u043d\u0456\u0445 \u043e\u043f\u0456\u043a\u0443\u043d\u0456\u0432 \u0443 \u0440\u043e\u0437\u0432\u0438\u0442\u043a\u0443. \u041d\u0430\u0448\u0430 \u043c\u0435\u0442\u0430 &#8211; \u0434\u043e\u043f\u043e\u043c\u043e\u0433\u0442\u0438 \u043f\u043e\u0431\u0443\u0434\u0443\u0432\u0430\u0442\u0438 \u0434\u043e\u0431\u0440\u0456 \u0441\u0442\u043e\u0441\u0443\u043d\u043a\u0438 \u043d\u0430 \u0431\u0430\u0433\u0430\u0442\u044c\u043e\u0445 \u0440\u0456\u0432\u043d\u044f\u0445.<br \/>\n\u041c\u0438 \u043f\u0440\u043e\u0432\u043e\u0434\u0438\u043c\u043e \u043c\u0438\u0441\u0442\u0435\u0446\u044c\u043a\u0456, \u043e\u0441\u0432\u0456\u0442\u043d\u0456, \u0441\u043f\u043e\u0440\u0442\u0438\u0432\u043d\u0456 \u0442\u0430 \u0441\u0456\u043c\u0435\u0439\u043d\u0456 \u0437\u0430\u0445\u043e\u0434\u0438. \u0414\u043e \u0443\u0447\u0430\u0441\u0442\u0456 \u0437\u0430\u043f\u0440\u043e\u0448\u0443\u044e\u0442\u044c\u0441\u044f \u0432\u0441\u0456 \u0431\u0435\u0437 \u0432\u0438\u043d\u044f\u0442\u043a\u0443: \u0434\u0456\u0442\u0438, \u043c\u043e\u043b\u043e\u0434\u044c, \u0434\u043e\u0440\u043e\u0441\u043b\u0456 \u0442\u0430 \u043b\u044e\u0434\u0438 \u043f\u043e\u0445\u0438\u043b\u043e\u0433\u043e \u0432\u0456\u043a\u0443. \u041f\u043e\u0441\u0442\u0456\u0439\u043d\u0456 \u0442\u0430 \u043d\u043e\u0432\u0456 \u043c\u0435\u0448\u043a\u0430\u043d\u0446\u0456 \u041a\u0440\u0430\u043a\u043e\u0432\u0430, \u044f\u043a\u0456 \u0445\u043e\u0447\u0443\u0442\u044c \u043f\u043e\u0437\u043d\u0430\u0439\u043e\u043c\u0438\u0442\u0438\u0441\u044f \u0437 \u0456\u043d\u0448\u0438\u043c\u0438 \u043b\u044e\u0434\u044c\u043c\u0438 \u0437\u0456 \u0441\u0445\u043e\u0436\u0438\u043c\u0438 \u0456\u043d\u0442\u0435\u0440\u0435\u0441\u0430\u043c\u0438, \u0440\u043e\u0437\u0432\u0438\u043d\u0443\u0442\u0438 \u0441\u0432\u043e\u0457 \u0437\u0430\u0445\u043e\u043f\u043b\u0435\u043d\u043d\u044f, \u0434\u0456\u0437\u043d\u0430\u0442\u0438\u0441\u044f \u0449\u043e\u0441\u044c \u043d\u043e\u0432\u0435 \u0442\u0430 \u0434\u043e\u0431\u0440\u0435 \u043f\u0440\u043e\u0432\u0435\u0441\u0442\u0438 \u0447\u0430\u0441.<br \/>\n[\/vc_column_text][\/vc_column_inner][vc_column_inner width=&#8221;1\/2&#8243;][vc_empty_space height=&#8221;10px&#8221;][vc_column_text]\u0423 Fine Space \u0432\u0438 \u043c\u043e\u0436\u0435\u0442\u0435 \u043f\u043e\u0437\u043d\u0430\u0439\u043e\u043c\u0438\u0442\u0438\u0441\u044f \u0456 \u043f\u043e\u0434\u0440\u0443\u0436\u0438\u0442\u0438\u0441\u044f \u0437 \u0456\u043d\u0448\u0438\u043c\u0438 \u043b\u044e\u0434\u044c\u043c\u0438, \u044f\u043a\u0456 \u043f\u043e\u0434\u0456\u043b\u044f\u044e\u0442\u044c \u0432\u0430\u0448\u0456 \u0437\u0430\u0445\u043e\u043f\u043b\u0435\u043d\u043d\u044f.<\/p>\n<p>&nbsp;<\/p>\n<p>\u041c\u0438 \u0437\u043d\u0430\u0445\u043e\u0434\u0438\u043c\u043e\u0441\u044f \u043d\u0430 \u0434\u0440\u0443\u0433\u043e\u043c\u0443 \u043f\u043e\u0432\u0435\u0440\u0441\u0456 \u0431\u0443\u0434\u0438\u043d\u043a\u0443 \u043d\u0430 \u0420\u0438\u043d\u043a\u043e\u0432\u0456\u0439 \u043f\u043b\u043e\u0449\u0456, 17 (\u0432\u0445\u0456\u0434 \u0437 \u0432\u0443\u043b. \u0411\u0440\u0430\u0446\u043a\u0430, 4).[\/vc_column_text][\/vc_column_inner][\/vc_row_inner][\/vc_column][\/vc_row][vc_row css_animation=&#8221;&#8221; row_type=&#8221;row&#8221; use_row_as_full_screen_section=&#8221;no&#8221; type=&#8221;grid&#8221; angled_section=&#8221;no&#8221; text_align=&#8221;left&#8221; background_image_as_pattern=&#8221;without_pattern&#8221; anchor=&#8221;faq&#8221; z_index=&#8221;&#8221; css=&#8221;.vc_custom_1663768758365{padding-top: 80px !important;}&#8221;][vc_column][vc_separator type=&#8221;normal&#8221;][\/vc_column][\/vc_row][vc_row css_animation=&#8221;&#8221; row_type=&#8221;row&#8221; use_row_as_full_screen_section=&#8221;no&#8221; type=&#8221;grid&#8221; angled_section=&#8221;no&#8221; text_align=&#8221;left&#8221; background_image_as_pattern=&#8221;without_pattern&#8221; anchor=&#8221;onas&#8221; css=&#8221;.vc_custom_1651582313665{padding-top: 30px !important;}&#8221; z_index=&#8221;&#8221;][vc_column width=&#8221;1\/4&#8243;][vc_column_text]<\/p>\n<h3>\u0429\u043e \u043c\u0438 \u0440\u043e\u0431\u0438\u043c\u043e<\/h3>\n<p>[\/vc_column_text][vc_empty_space][\/vc_column][vc_column width=&#8221;3\/4&#8243;][vc_row_inner row_type=&#8221;row&#8221; type=&#8221;full_width&#8221; text_align=&#8221;left&#8221; css_animation=&#8221;&#8221;][vc_column_inner width=&#8221;1\/2&#8243;][vc_empty_space height=&#8221;10px&#8221;][vc_column_text]<strong>\u0423 Fine Space \u043f\u0440\u0430\u0446\u044e\u0454:<\/strong><\/p>\n<p><strong>\u0406\u043d\u0442\u0435\u0433\u0440\u0430\u0446\u0456\u0439\u043d\u0438\u0439 \u0446\u0435\u043d\u0442\u0440<\/strong><br \/>\n\u0423 \u043f\u0440\u043e\u0433\u0440\u0430\u043c\u0456 Fine Space \u0432\u0438 \u0437\u043d\u0430\u0439\u0434\u0435\u0442\u0435 \u043c\u0438\u0441\u0442\u0435\u0446\u044c\u043a\u0456 \u043c\u0430\u0439\u0441\u0442\u0435\u0440-\u043a\u043b\u0430\u0441\u0438, \u0442\u0430\u043a\u0456 \u044f\u043a \u043a\u0435\u0440\u0430\u043c\u0456\u043a\u0430, \u043c\u0430\u043b\u044e\u043d\u043e\u043a \u0442\u0430 \u0436\u0438\u0432\u043e\u043f\u0438\u0441, \u0441\u043f\u043e\u0440\u0442\u0438\u0432\u043d\u0456 \u0437\u0430\u043d\u044f\u0442\u0442\u044f, \u043a\u0443\u043b\u0456\u043d\u0430\u0440\u043d\u0456 \u043a\u0443\u0440\u0441\u0438 \u0442\u0430 \u043e\u0441\u0432\u0456\u0442\u043d\u0456 \u0437\u0430\u0445\u043e\u0434\u0438. \u0417\u0430\u0445\u043e\u0434\u0438 \u043f\u0440\u0438\u0437\u043d\u0430\u0447\u0435\u043d\u0456 \u0434\u043b\u044f \u0434\u0456\u0442\u0435\u0439, \u043c\u043e\u043b\u043e\u0434\u0456 \u0442\u0430 \u0434\u043e\u0440\u043e\u0441\u043b\u0438\u0445, \u0430 \u0442\u0430\u043a\u043e\u0436 \u0434\u043b\u044f \u0446\u0456\u043b\u0438\u0445 \u0441\u0456\u043c\u0435\u0439.<\/p>\n<p>&nbsp;<\/p>\n<p><strong>\u0426\u0435\u043d\u0442\u0440 \u0414i\u0430\u043b\u043e\u0433\u0443<\/strong><br \/>\n\u0412\u0456\u043d \u043f\u0440\u0438\u0441\u0432\u044f\u0447\u0435\u043d\u0438\u0439, \u0433\u043e\u043b\u043e\u0432\u043d\u0438\u043c \u0447\u0438\u043d\u043e\u043c, \u043c\u043e\u043b\u043e\u0434\u0456. \u041c\u0438 \u0445\u043e\u0447\u0435\u043c\u043e \u043f\u0456\u0434\u0442\u0440\u0438\u043c\u0430\u0442\u0438 \u043c\u043e\u043b\u043e\u0434\u0438\u0445 \u043b\u044e\u0434\u0435\u0439 \u0443 \u0447\u0430\u0441\u0442\u043e \u0441\u043a\u043b\u0430\u0434\u043d\u0438\u0445 \u043f\u0441\u0438\u0445\u043e\u0441\u043e\u0446\u0456\u0430\u043b\u044c\u043d\u0438\u0445 \u043f\u0440\u043e\u0446\u0435\u0441\u0430\u0445, \u0440\u043e\u0437\u0432\u0438\u0442\u043a\u0443 \u0457\u0445\u043d\u0456\u0445 \u043c&#8217;\u044f\u043a\u0438\u0445 \u043d\u0430\u0432\u0438\u0447\u043e\u043a, \u0432\u043c\u0456\u043d\u043d\u0456 \u0431\u0443\u0434\u0443\u0432\u0430\u0442\u0438 \u043c\u0456\u0436\u043e\u0441\u043e\u0431\u0438\u0441\u0442\u0456\u0441\u043d\u0456 \u0441\u0442\u043e\u0441\u0443\u043d\u043a\u0438 \u0442\u0430 \u0434\u0456\u0430\u043b\u043e\u0433, \u0437\u0434\u0430\u0442\u043d\u043e\u0441\u0442\u0456 \u0444\u0443\u043d\u043a\u0446\u0456\u043e\u043d\u0443\u0432\u0430\u0442\u0438 \u0432 \u0441\u0443\u0441\u043f\u0456\u043b\u044c\u0441\u0442\u0432\u0456 \u0442\u0430 \u0441\u043f\u0440\u0430\u0432\u043b\u044f\u0442\u0438\u0441\u044f \u0437 \u0432\u0438\u043a\u043b\u0438\u043a\u0430\u043c\u0438 \u0441\u0443\u0447\u0430\u0441\u043d\u043e\u0433\u043e \u0441\u0432\u0456\u0442\u0443.[\/vc_column_text][\/vc_column_inner][vc_column_inner width=&#8221;1\/2&#8243;][vc_empty_space height=&#8221;10px&#8221;][vc_column_text]<strong>\u041c\u043e\u0432\u043d\u0438\u0439 \u0446\u0435\u043d\u0442\u0440<\/strong><br \/>\n\u041c\u0438 \u043e\u0440\u0433\u0430\u043d\u0456\u0437\u043e\u0432\u0443\u0454\u043c\u043e \u0431\u0435\u0437\u043a\u043e\u0448\u0442\u043e\u0432\u043d\u0456 \u043a\u0443\u0440\u0441\u0438 \u043f\u043e\u043b\u044c\u0441\u044c\u043a\u043e\u0457 \u043c\u043e\u0432\u0438 \u0434\u043b\u044f \u0434\u0456\u0442\u0435\u0439, \u044f\u043a\u0456 \u0433\u043e\u0432\u043e\u0440\u044f\u0442\u044c \u0456\u043d\u043e\u0437\u0435\u043c\u043d\u0438\u043c\u0438 \u043c\u043e\u0432\u0430\u043c\u0438, \u0443 \u0440\u0456\u0437\u043d\u0438\u0445 \u0432\u0456\u043a\u043e\u0432\u0438\u0445 \u0433\u0440\u0443\u043f\u0430\u0445.<br \/>\n\u0417\u0430\u043d\u044f\u0442\u0442\u044f \u0434\u043b\u044f \u0434\u0456\u0442\u0435\u0439 \u0437 \u043c\u0456\u0433\u0440\u0430\u0446\u0456\u0439\u043d\u0438\u043c \u0434\u043e\u0441\u0432\u0456\u0434\u043e\u043c \u0434\u043e\u0448\u043a\u0456\u043b\u044c\u043d\u043e\u0433\u043e \u0442\u0430 \u043c\u043e\u043b\u043e\u0434\u0448\u043e\u0433\u043e \u0448\u043a\u0456\u043b\u044c\u043d\u043e\u0433\u043e \u0432\u0456\u043a\u0443 \u043f\u0440\u0438\u0441\u0432\u044f\u0447\u0435\u043d\u0456 \u0440\u043e\u0437\u0432\u0438\u0442\u043a\u0443 \u0442\u0430\u043a\u0438\u0445 \u043d\u0430\u0432\u0438\u0447\u043e\u043a: \u0433\u043e\u0432\u043e\u0440\u0456\u043d\u043d\u044f (\u0432\u043a\u043b\u044e\u0447\u0430\u044e\u0447\u0438 \u043f\u0440\u0430\u0432\u0438\u043b\u044c\u043d\u0443 \u0432\u0438\u043c\u043e\u0432\u0443), \u0447\u0438\u0442\u0430\u043d\u043d\u044f, \u043f\u0438\u0441\u044c\u043c\u043e.<\/p>\n<p>&nbsp;<\/p>\n<p><strong>\u041d\u0430 \u0432\u0438\u0445\u0456\u0434\u043d\u0438\u0445 \u0437\u0430\u043f\u0440\u043e\u0448\u0443\u0454\u043c\u043e \u043d\u0430 \u043e\u0441\u043e\u0431\u043b\u0438\u0432\u0456 \u0437\u0430\u0445\u043e\u0434\u0438!<\/strong> \u0426\u0435 \u0447\u0430\u0441 \u0434\u043b\u044f \u0434\u043e\u0432\u0448\u0438\u0445 \u043c\u0430\u0439\u0441\u0442\u0435\u0440-\u043a\u043b\u0430\u0441\u0456\u0432, \u043f\u043e\u0432\u0456\u043b\u044c\u043d\u0438\u0445 \u0442\u0432\u043e\u0440\u0447\u0438\u0445 \u0440\u0430\u043d\u043a\u0456\u0432 \u0442\u0430 \u0437\u0443\u0441\u0442\u0440\u0456\u0447\u0435\u0439 \u0437 \u043d\u0435\u0437\u0432\u0438\u0447\u0430\u0439\u043d\u0438\u043c\u0438 \u0433\u043e\u0441\u0442\u044f\u043c\u0438! \u0417\u0430\u0445\u043e\u0434\u044c\u0442\u0435 \u043d\u0430 \u043d\u0430\u0448 \u0441\u0430\u0439\u0442 \u0430\u0431\u043e Facebook, \u0449\u043e\u0431 \u0431\u0443\u0442\u0438 \u0432 \u043a\u0443\u0440\u0441\u0456 \u043f\u043e\u0434\u0456\u0439 \u0456 \u043d\u0435 \u043f\u0440\u043e\u043f\u0443\u0441\u0442\u0438\u0442\u0438 \u0441\u044e\u0440\u043f\u0440\u0438\u0437\u0456\u0432.[\/vc_column_text][\/vc_column_inner][\/vc_row_inner][\/vc_column][\/vc_row][vc_row css_animation=&#8221;&#8221; row_type=&#8221;row&#8221; use_row_as_full_screen_section=&#8221;no&#8221; type=&#8221;grid&#8221; angled_section=&#8221;no&#8221; text_align=&#8221;left&#8221; background_image_as_pattern=&#8221;without_pattern&#8221; anchor=&#8221;faq&#8221; z_index=&#8221;&#8221; css=&#8221;.vc_custom_1651607852323{padding-top: 80px !important;}&#8221;][vc_column][vc_separator type=&#8221;normal&#8221;][\/vc_column][\/vc_row][vc_row css_animation=&#8221;&#8221; row_type=&#8221;row&#8221; use_row_as_full_screen_section=&#8221;no&#8221; type=&#8221;grid&#8221; angled_section=&#8221;no&#8221; text_align=&#8221;left&#8221; background_image_as_pattern=&#8221;without_pattern&#8221; anchor=&#8221;onas&#8221; css=&#8221;.vc_custom_1664463718502{padding-top: 30px !important;padding-bottom: 100px !important;}&#8221; z_index=&#8221;&#8221;][vc_column width=&#8221;1\/4&#8243;][vc_column_text]<\/p>\n<h3>FAQ<\/h3>\n<p>[\/vc_column_text][vc_empty_space][\/vc_column][vc_column width=&#8221;3\/4&#8243;][vc_row_inner row_type=&#8221;row&#8221; type=&#8221;full_width&#8221; text_align=&#8221;left&#8221; css_animation=&#8221;&#8221;][vc_column_inner width=&#8221;1\/2&#8243;][vc_empty_space height=&#8221;10px&#8221;][vc_column_text]<strong>1. \u042f\u043a \u0437\u0430\u043f\u0438\u0441\u0430\u0442\u0438\u0441\u044f \u043d\u0430 \u0437\u0430\u043d\u044f\u0442\u0442\u044f?<\/strong><br \/>\n\u0411\u0443\u0434\u044c \u043b\u0430\u0441\u043a\u0430, \u0441\u043b\u0456\u0434\u043a\u0443\u0439\u0442\u0435 \u0437\u0430 \u0430\u043a\u0442\u0443\u0430\u043b\u044c\u043d\u0438\u043c \u0440\u043e\u0437\u043a\u043b\u0430\u0434\u043e\u043c \u043d\u0430 \u0441\u0442\u043e\u0440\u0456\u043d\u0446\u0456 Fine Space \u0443 <a href=\"https:\/\/www.facebook.com\/meetingpointkrakow\">Facebook<\/a> \u0442\u0430 \u043d\u0430 \u0441\u0430\u0439\u0442\u0456 www.fine.ngo. \u0422\u0430\u043c \u0436\u0435 \u0432\u0438 \u0437\u043d\u0430\u0439\u0434\u0435\u0442\u0435 \u0432\u0441\u044e \u043d\u0435\u043e\u0431\u0445\u0456\u0434\u043d\u0443 \u0456\u043d\u0444\u043e\u0440\u043c\u0430\u0446\u0456\u044e \u0442\u0430 \u043f\u043e\u0441\u0438\u043b\u0430\u043d\u043d\u044f \u0434\u043b\u044f \u0437\u0430\u043f\u0438\u0441\u0443 \u043d\u0430 \u0456\u043d\u0434\u0438\u0432\u0456\u0434\u0443\u0430\u043b\u044c\u043d\u0456 \u0437\u0430\u043d\u044f\u0442\u0442\u044f.<\/p>\n<p>&nbsp;<\/p>\n<p><strong>2. \u0427\u0438 \u0431\u0443\u0434\u0443\u0442\u044c \u0437\u0430\u043d\u044f\u0442\u0442\u044f \u0437 \u043f\u043e\u043b\u044c\u0441\u044c\u043a\u043e\u0457 \u043c\u043e\u0432\u0438?<\/strong><br \/>\n\u0422\u0430\u043a, \u043c\u0438 \u043f\u0440\u043e\u0432\u043e\u0434\u0438\u043c\u043e \u0431\u0435\u0437\u043a\u043e\u0448\u0442\u043e\u0432\u043d\u0456 \u043a\u0443\u0440\u0441\u0438 \u043f\u043e\u043b\u044c\u0441\u044c\u043a\u043e\u0457 \u043c\u043e\u0432\u0438 \u0434\u043b\u044f \u0434\u0456\u0442\u0435\u0439, \u044f\u043a\u0456 \u0433\u043e\u0432\u043e\u0440\u044f\u0442\u044c \u0456\u043d\u043e\u0437\u0435\u043c\u043d\u0438\u043c\u0438 \u043c\u043e\u0432\u0430\u043c\u0438.<br \/>\n\u0412\u0441\u044e \u043d\u0435\u043e\u0431\u0445\u0456\u0434\u043d\u0443 \u0456\u043d\u0444\u043e\u0440\u043c\u0430\u0446\u0456\u044e \u0442\u0430 \u043f\u043e\u0441\u0438\u043b\u0430\u043d\u043d\u044f \u0434\u043b\u044f \u0437\u0430\u043f\u0438\u0441\u0443 \u043d\u0430 \u043a\u0443\u0440\u0441\u0438 \u0432\u0438 \u043c\u043e\u0436\u0435\u0442\u0435 \u0437\u043d\u0430\u0439\u0442\u0438 \u043d\u0430 \u0441\u0442\u043e\u0440\u0456\u043d\u0446\u0456 Fine Space \u0443 Facebook.[\/vc_column_text][\/vc_column_inner][vc_column_inner width=&#8221;1\/2&#8243;][vc_empty_space height=&#8221;10px&#8221;][vc_column_text]<strong>3. \u0427\u0438 Fine Space \u043f\u0440\u0438\u0437\u043d\u0430\u0447\u0435\u043d\u0438\u0439 \u043b\u0438\u0448\u0435 \u0434\u043b\u044f \u043b\u044e\u0434\u0435\u0439 \u0437 \u0434\u0456\u0442\u044c\u043c\u0438?<\/strong><br \/>\n\u041d\u0435 \u0442\u0456\u043b\u044c\u043a\u0438. \u041c\u0438 \u0437\u0430\u043f\u0440\u043e\u0448\u0443\u0454\u043c\u043e \u0432\u0441\u0456\u0445, \u0445\u0442\u043e \u0448\u0443\u043a\u0430\u0454 \u0434\u0440\u0443\u0436\u043d\u0456\u0439 \u043f\u0440\u043e\u0441\u0442\u0456\u0440 \u0443 \u043c\u0456\u0441\u0442\u0456 \u0434\u043b\u044f \u0440\u043e\u0431\u043e\u0442\u0438, \u0437\u0443\u0441\u0442\u0440\u0456\u0447\u0435\u0439 \u0442\u0430 \u0432\u0456\u0434\u043f\u043e\u0447\u0438\u043d\u043a\u0443.[\/vc_column_text][\/vc_column_inner][\/vc_row_inner][\/vc_column][\/vc_row][vc_row css_animation=&#8221;&#8221; row_type=&#8221;row&#8221; use_row_as_full_screen_section=&#8221;no&#8221; type=&#8221;grid&#8221; angled_section=&#8221;no&#8221; text_align=&#8221;left&#8221; background_image_as_pattern=&#8221;without_pattern&#8221; z_index=&#8221;&#8221; css=&#8221;.vc_custom_1669908424119{padding-top: 80px !important;padding-bottom: 80px !important;background-color: #000000 !important;}&#8221; el_id=&#8221;6&#8243; anchor=&#8221;kontakt&#8221;][vc_column width=&#8221;1\/4&#8243;][vc_column_text]<\/p>\n<h3><span style=\"color: #f2f2f2;\">\u041a\u043e\u043d\u0442\u0430\u043a\u0442<br \/>\n<\/span><\/h3>\n<p>[\/vc_column_text][vc_empty_space][vc_column_text]<span style=\"color: #f2f2f2;\">Fine Space<\/span><br \/>\n<span style=\"color: #f2f2f2;\">\u0420\u0438\u043d\u043a\u043e\u0432\u0430 \u043f\u043b\u043e\u0449\u0430 17 <\/span><br \/>\n<span style=\"color: #f2f2f2;\">(\u0432\u0445\u0456\u0434 \u0437 \u0432\u0443\u043b. \u0411\u0440\u0430\u0446\u043a\u0430 4)<\/span><br \/>\n<span style=\"color: #f2f2f2;\"><strong>\u041a\u0440\u0430\u043a\u0456\u0432<\/strong><\/span><\/p>\n<p>&nbsp;<\/p>\n<p><span style=\"color: #f2f2f2;\"><strong>\u041a\u043e\u043d\u0442\u0430\u043a\u0442<br \/>\n<\/strong><\/span><\/p>\n<p><span style=\"color: #f2f2f2;\">e-mail:<\/span> <a href=\"mailto:space@fine.ngo\" target=\"_blank\" rel=\"noopener\">space@fine.ngo<\/a><\/p>\n<p>&nbsp;<\/p>\n<p>&nbsp;<\/p>\n<p><a href=\"https:\/\/fine.ngo\/wp-content\/uploads\/2022\/12\/Polityka-prywatnosci.pdf\"><strong>\u041f\u043e\u043b\u0456\u0442\u0438\u043a\u0430 \u043a\u043e\u043d\u0444\u0456\u0434\u0435\u043d\u0446\u0456\u0439\u043d\u043e\u0441\u0442\u0456<br \/>\n<\/strong><\/a>[\/vc_column_text][\/vc_column][vc_column width=&#8221;3\/4&#8243;]<div class='google_map_shortcode_holder' style='height:600px;'><div class='qode_google_map' style='height:600px;' id='map_canvas_98920' data-addresses='[\"Krak\u00f3w, Rynek G\u0142\u00f3wny 35\",\"Krak\u00f3w, ul. Focha 40\",\"Krak\u00f3w, ul. Podzamcze 26\/4\"]' data-custom-map-style='false' data-color-overlay='#393939' data-saturation='-100' data-lightness='-60' data-zoom='14' data-pin='https:\/\/fine.ngo\/wp-content\/uploads\/2022\/11\/pin_ikona3.png' data-unique-id='98920' data-google-maps-scroll-wheel='false' data-snazzy-map-style='no' data-map-height='600'><\/div><div class='google_map_shortcode_overlay'><\/div><\/div>[\/vc_column][\/vc_row]<\/p>\n<\/section>","protected":false},"excerpt":{"rendered":"<p>[vc_row css_animation=&#8221;&#8221; row_type=&#8221;row&#8221; use_row_as_full_screen_section=&#8221;no&#8221; type=&#8221;grid&#8221; angled_section=&#8221;no&#8221; text_align=&#8221;left&#8221; background_image_as_pattern=&#8221;without_pattern&#8221; z_index=&#8221;&#8221; anchor=&#8221;home&#8221;][vc_column width=&#8221;1\/4&#8243; offset=&#8221;vc_hidden-xs&#8221;][vc_empty_space height=&#8221;430px&#8221;][vc_column_text] Fine Space [\/vc_column_text][vc_empty_space height=&#8221;15px&#8221;][vc_column_text]\u041f\u0440\u043e\u0441\u0442\u0456\u0440 \u0442\u0432\u043e\u0440\u0447\u043e\u0457 \u0456\u043d\u0442\u0435\u0433\u0440\u0430\u0446\u0456\u0457. \u041c\u0456\u0441\u0446\u0435 \u0434\u043b\u044f \u043c\u0430\u0439\u0441\u0442\u0435\u0440-\u043a\u043b\u0430\u0441\u0456\u0432, \u043d\u0430\u0432\u0447\u0430\u043d\u043d\u044f, \u0437\u0443\u0441\u0442\u0440\u0456\u0447\u0435\u0439 \u0442\u0430 \u043e\u0431\u043c\u0456\u043d\u0443 \u0434\u043e\u0441\u0432\u0456\u0434\u043e\u043c.[\/vc_column_text][\/vc_column][vc_column width=&#8221;3\/4&#8243; offset=&#8221;vc_hidden-xs&#8221;][vc_single_image image=&#8221;2351&#8243; img_size=&#8221;full&#8221; qode_css_animation=&#8221;&#8221;][\/vc_column][\/vc_row][vc_row css_animation=&#8221;&#8221; row_type=&#8221;row&#8221; use_row_as_full_screen_section=&#8221;no&#8221; type=&#8221;full_width&#8221; angled_section=&#8221;no&#8221; text_align=&#8221;left&#8221; background_image_as_pattern=&#8221;without_pattern&#8221; z_index=&#8221;&#8221; anchor=&#8221;home&#8221;][vc_column offset=&#8221;vc_hidden-lg vc_hidden-md vc_hidden-sm&#8221;][vc_single_image image=&#8221;2351&#8243;&#8230;<\/p>\n","protected":false},"author":1,"featured_media":0,"parent":0,"menu_order":0,"comment_status":"closed","ping_status":"closed","template":"full_width.php","meta":{"footnotes":""},"class_list":["post-1427","page","type-page","status-publish","hentry"],"_links":{"self":[{"href":"https:\/\/fine.ngo\/uk\/wp-json\/wp\/v2\/pages\/1427","targetHints":{"allow":["GET"]}}],"collection":[{"href":"https:\/\/fine.ngo\/uk\/wp-json\/wp\/v2\/pages"}],"about":[{"href":"https:\/\/fine.ngo\/uk\/wp-json\/wp\/v2\/types\/page"}],"author":[{"embeddable":true,"href":"https:\/\/fine.ngo\/uk\/wp-json\/wp\/v2\/users\/1"}],"replies":[{"embeddable":true,"href":"https:\/\/fine.ngo\/uk\/wp-json\/wp\/v2\/comments?post=1427"}],"version-history":[{"count":16,"href":"https:\/\/fine.ngo\/uk\/wp-json\/wp\/v2\/pages\/1427\/revisions"}],"predecessor-version":[{"id":2359,"href":"https:\/\/fine.ngo\/uk\/wp-json\/wp\/v2\/pages\/1427\/revisions\/2359"}],"wp:attachment":[{"href":"https:\/\/fine.ngo\/uk\/wp-json\/wp\/v2\/media?parent=1427"}],"curies":[{"name":"wp","href":"https:\/\/api.w.org\/{rel}","templated":true}]}}