{"id":1907,"date":"2023-01-10T09:59:22","date_gmt":"2023-01-10T08:59:22","guid":{"rendered":"https:\/\/fine.ngo\/%d0%b1%d1%83%d0%ba%d0%b2%d0%b0%d1%80\/"},"modified":"2024-01-12T17:51:14","modified_gmt":"2024-01-12T16:51:14","slug":"%d0%b1%d1%83%d0%ba%d0%b2%d0%b0%d1%80","status":"publish","type":"page","link":"https:\/\/fine.ngo\/uk\/%d0%b1%d1%83%d0%ba%d0%b2%d0%b0%d1%80\/","title":{"rendered":"\u0411\u0443\u043a\u0432\u0430\u0440\u2028"},"content":{"rendered":"<section class=\"wpb-content-wrapper\"><p>[vc_row css_animation=&#8221;&#8221; row_type=&#8221;row&#8221; use_row_as_full_screen_section=&#8221;no&#8221; type=&#8221;grid&#8221; angled_section=&#8221;no&#8221; text_align=&#8221;left&#8221; background_image_as_pattern=&#8221;without_pattern&#8221; z_index=&#8221;&#8221; anchor=&#8221;home&#8221;][vc_column width=&#8221;1\/4&#8243; offset=&#8221;vc_hidden-xs&#8221;][vc_empty_space height=&#8221;375&#8243;][vc_column_text]<\/p>\n<h3>\u0411\u0443\u043a\u0432\u0430\u0440<\/h3>\n<p>[\/vc_column_text][vc_empty_space height=&#8221;15&#8243;][vc_column_text]\u041f\u0456\u0434\u0440\u0443\u0447\u043d\u0438\u043a \u0434\u043b\u044f \u043d\u0430\u0443\u043a\u0438 \u0447\u0438\u0442\u0430\u043d\u043d\u044f \u0434\u043b\u044f \u0434\u0456\u0442\u0435\u0439 \u0437 \u0423\u043a\u0440\u0430\u0457\u043d\u0438. \u041f\u0435\u0440\u0448\u0456 \u043a\u0440\u043e\u043a\u0438 \u0443 \u0432\u0438\u0432\u0447\u0435\u043d\u043d\u0456 \u043f\u043e\u043b\u044c\u0441\u044c\u043a\u043e\u0457 \u043c\u043e\u0432\u0438.[\/vc_column_text][vc_empty_space height=&#8221;15&#8243;]<a  itemprop=\"url\" href=\"https:\/\/fine.ngo\/wp-content\/uploads\/2022\/12\/elementarz_www_pobierz_1.pdf\" target=\"_self\"  class=\"qbutton  small default\" style=\"\">\u0417\u0410\u0412\u0410\u041d\u0422\u0410\u0416\u0418\u0422\u0418 \u0411\u0423\u041a\u0412\u0410\u0420<\/a>[\/vc_column][vc_column width=&#8221;3\/4&#8243; offset=&#8221;vc_hidden-xs&#8221;][vc_single_image image=&#8221;1784&#8243; img_size=&#8221;full&#8221; qode_css_animation=&#8221;&#8221;][\/vc_column][\/vc_row][vc_row css_animation=&#8221;&#8221; row_type=&#8221;row&#8221; use_row_as_full_screen_section=&#8221;no&#8221; type=&#8221;full_width&#8221; angled_section=&#8221;no&#8221; text_align=&#8221;left&#8221; background_image_as_pattern=&#8221;without_pattern&#8221; z_index=&#8221;&#8221; anchor=&#8221;home&#8221;][vc_column offset=&#8221;vc_hidden-lg vc_hidden-md vc_hidden-sm&#8221;][vc_single_image image=&#8221;1784&#8243; img_size=&#8221;full&#8221; qode_css_animation=&#8221;&#8221;][\/vc_column][\/vc_row][vc_row css_animation=&#8221;&#8221; row_type=&#8221;row&#8221; use_row_as_full_screen_section=&#8221;no&#8221; type=&#8221;grid&#8221; angled_section=&#8221;no&#8221; text_align=&#8221;left&#8221; background_image_as_pattern=&#8221;without_pattern&#8221; anchor=&#8221;o-nas&#8221; z_index=&#8221;&#8221; css=&#8221;.vc_custom_1653407808004{padding-top: 80px !important;}&#8221;][vc_column][vc_separator type=&#8221;normal&#8221;][\/vc_column][\/vc_row][vc_row css_animation=&#8221;&#8221; row_type=&#8221;row&#8221; use_row_as_full_screen_section=&#8221;no&#8221; type=&#8221;grid&#8221; angled_section=&#8221;no&#8221; text_align=&#8221;left&#8221; background_image_as_pattern=&#8221;without_pattern&#8221; css=&#8221;.vc_custom_1671674265340{padding-top: 30px !important;}&#8221; z_index=&#8221;&#8221;][vc_column width=&#8221;1\/4&#8243;][vc_column_text]<\/p>\n<h3>\u0426\u0435\u043d\u0442\u0440 \u0432\u0438\u0432\u0447\u0435\u043d\u043d\u044f \u043f\u043e\u043b\u044c\u0441\u044c\u043a\u043e\u0457 \u043c\u043e\u0432\u0438<\/h3>\n<p>[\/vc_column_text][vc_empty_space][\/vc_column][vc_column width=&#8221;3\/4&#8243;][vc_row_inner row_type=&#8221;row&#8221; type=&#8221;full_width&#8221; text_align=&#8221;left&#8221; css_animation=&#8221;&#8221;][vc_column_inner width=&#8221;1\/2&#8243;][vc_empty_space height=&#8221;10px&#8221;][vc_column_text]\u041f\u0440\u043e \u0437\u0430\u043d\u044f\u0442\u0442\u044f:<\/p>\n<p>&nbsp;<\/p>\n<p>\u041e\u0440\u0438\u0433\u0456\u043d\u0430\u043b\u044c\u043d\u0430 \u043d\u0430\u0432\u0447\u0430\u043b\u044c\u043d\u0430 \u043f\u0440\u043e\u0433\u0440\u0430\u043c\u0430, \u0441\u0442\u0432\u043e\u0440\u0435\u043d\u0430 \u043d\u0430 \u043e\u0441\u043d\u043e\u0432\u0456 \u043d\u043e\u0432\u0456\u0442\u043d\u0456\u0445 \u043d\u0430\u0443\u043a\u043e\u0432\u0438\u0445 \u0434\u043e\u0441\u043b\u0456\u0434\u0436\u0435\u043d\u044c \u0442\u0430 \u0431\u0430\u0433\u0430\u0442\u043e\u0440\u0456\u0447\u043d\u043e\u0433\u043e \u0434\u043e\u0441\u0432\u0456\u0434\u0443 \u0432\u0435\u0434\u0443\u0447\u043e\u0457, \u0454 \u0433\u0430\u0440\u0430\u043d\u0442\u0456\u0454\u044e \u043d\u043e\u0432\u043e\u0433\u043e \u0442\u0430 \u0435\u0444\u0435\u043a\u0442\u0438\u0432\u043d\u043e\u0433\u043e \u043f\u0456\u0434\u0445\u043e\u0434\u0443 \u0434\u043e \u043d\u0430\u0432\u0447\u0430\u043d\u043d\u044f.<\/p>\n<p>&nbsp;<\/p>\n<p>\u0417\u0430\u043d\u044f\u0442\u0442\u044f, \u043f\u0440\u0438\u0437\u043d\u0430\u0447\u0435\u043d\u0456 \u0434\u043b\u044f \u0434\u0456\u0442\u0435\u0439 \u0437 \u043c\u0456\u0433\u0440\u0430\u0446\u0456\u0439\u043d\u0438\u043c \u0434\u043e\u0441\u0432\u0456\u0434\u043e\u043c \u0434\u043e\u0448\u043a\u0456\u043b\u044c\u043d\u043e\u0433\u043e \u0432\u0456\u043a\u0443, \u0433\u043e\u0442\u0443\u044e\u0442\u044c \u0457\u0445 \u0434\u043e \u043f\u043e\u0447\u0430\u0442\u043a\u0443 \u043d\u0430\u0432\u0447\u0430\u043d\u043d\u044f \u0432 \u043f\u043e\u043b\u044c\u0441\u044c\u043a\u0456\u0439 \u0448\u043a\u043e\u043b\u0456. \u041e\u0441\u043d\u043e\u0432\u043d\u0430 \u0443\u0432\u0430\u0433\u0430 \u043f\u0440\u0438\u0434\u0456\u043b\u044f\u0454\u0442\u044c\u0441\u044f \u0440\u043e\u0437\u0432\u0438\u0442\u043a\u0443 \u0442\u0430\u043a\u0438\u0445 \u043d\u0430\u0432\u0438\u0447\u043e\u043a: \u0433\u043e\u0432\u043e\u0440\u0456\u043d\u043d\u044f (\u0432\u043a\u043b\u044e\u0447\u0430\u044e\u0447\u0438 \u043f\u0440\u0430\u0432\u0438\u043b\u044c\u043d\u0443 \u0432\u0438\u043c\u043e\u0432\u0443), \u0432\u0441\u0442\u0443\u043f \u0434\u043e \u0447\u0438\u0442\u0430\u043d\u043d\u044f.<\/p>\n<p>&nbsp;<\/p>\n<p>\u0417\u0430\u043d\u044f\u0442\u0442\u044f \u0434\u043b\u044f \u0434\u0456\u0442\u0435\u0439 \u0437 \u043c\u0456\u0433\u0440\u0430\u0446\u0456\u0439\u043d\u0438\u043c \u0434\u043e\u0441\u0432\u0456\u0434\u043e\u043c \u0434\u043e\u0448\u043a\u0456\u043b\u044c\u043d\u043e\u0433\u043e \u0432\u0456\u043a\u0443 \u043f\u0440\u0438\u0441\u0432\u044f\u0447\u0435\u043d\u0456 \u0440\u043e\u0437\u0432\u0438\u0442\u043a\u0443 \u043d\u0430\u0432\u0438\u0447\u043e\u043a<\/p>\n<p>&nbsp;<\/p>\n<p>\u0433\u043e\u0432\u043e\u0440\u0456\u043d\u043d\u044f (\u0432\u043a\u043b\u044e\u0447\u0430\u044e\u0447\u0438 \u043f\u0440\u0430\u0432\u0438\u043b\u044c\u043d\u0443 \u0432\u0438\u043c\u043e\u0432\u0443)<br \/>\n\u0447\u0438\u0442\u0430\u043d\u043d\u044f,<br \/>\n\u043f\u0438\u0441\u044c\u043c\u0430.[\/vc_column_text][\/vc_column_inner][vc_column_inner width=&#8221;1\/2&#8243;][vc_empty_space height=&#8221;10px&#8221;][vc_column_text]\u0417\u0430\u043d\u044f\u0442\u0442\u044f \u0442\u0430\u043a\u043e\u0436 \u0432\u043a\u043b\u044e\u0447\u0430\u0442\u0438\u043c\u0443\u0442\u044c \u0432\u043f\u0440\u0430\u0432\u0438 \u0434\u043b\u044f \u043f\u0456\u0434\u0442\u0440\u0438\u043c\u043a\u0438 \u043d\u0430\u0431\u0443\u0442\u0442\u044f \u043c\u043e\u0432\u043d\u0438\u0445 \u043d\u0430\u0432\u0438\u0447\u043e\u043a, \u043d\u0430\u043f\u0440\u0438\u043a\u043b\u0430\u0434, \u0442\u0440\u0435\u043d\u0443\u0432\u0430\u043d\u043d\u044f \u0441\u043b\u0443\u0445\u043e\u0432\u043e\u0433\u043e \u0441\u043f\u0440\u0438\u0439\u043d\u044f\u0442\u0442\u044f, \u0437\u043e\u0440\u043e\u0432\u043e\u0433\u043e \u0441\u043f\u0440\u0438\u0439\u043d\u044f\u0442\u0442\u044f, \u043f\u0440\u043e\u0446\u0435\u0441\u0456\u0432 \u043c\u0438\u0441\u043b\u0435\u043d\u043d\u044f \u0442\u0430 \u0433\u0440\u0430\u0444\u043e\u043c\u043e\u0442\u043e\u0440\u043d\u0438\u0445 \u043d\u0430\u0432\u0438\u0447\u043e\u043a.<\/p>\n<p>&nbsp;<\/p>\n<p>ZAPISY:[\/vc_column_text][vc_empty_space height=&#8221;15px&#8221;][vc_column_text]grupa 5-6 lat[\/vc_column_text][vc_empty_space height=&#8221;10px&#8221;]<a  itemprop=\"url\" href=\"https:\/\/app.evenea.pl\/event\/jp301156\/\" target=\"_self\"  class=\"qbutton  small default\" style=\"\">ZAPISZ SI\u0118<\/a>[vc_empty_space height=&#8221;20px&#8221;][vc_column_text]grupa 7-9 lat[\/vc_column_text][vc_empty_space height=&#8221;10px&#8221;]<a  itemprop=\"url\" href=\"https:\/\/app.evenea.pl\/event\/jp79new\/\" target=\"_self\"  class=\"qbutton  small default\" style=\"\">ZAPISZ SI\u0118<\/a>[\/vc_column_inner][\/vc_row_inner][vc_empty_space][\/vc_column][\/vc_row][vc_row css_animation=&#8221;&#8221; row_type=&#8221;row&#8221; use_row_as_full_screen_section=&#8221;no&#8221; type=&#8221;grid&#8221; angled_section=&#8221;no&#8221; text_align=&#8221;left&#8221; background_image_as_pattern=&#8221;without_pattern&#8221; anchor=&#8221;o-nas&#8221; z_index=&#8221;&#8221; css=&#8221;.vc_custom_1653407808004{padding-top: 80px !important;}&#8221;][vc_column][vc_separator type=&#8221;normal&#8221;][\/vc_column][\/vc_row][vc_row css_animation=&#8221;&#8221; row_type=&#8221;row&#8221; use_row_as_full_screen_section=&#8221;no&#8221; type=&#8221;grid&#8221; angled_section=&#8221;no&#8221; text_align=&#8221;left&#8221; background_image_as_pattern=&#8221;without_pattern&#8221; css=&#8221;.vc_custom_1671674265340{padding-top: 30px !important;}&#8221; z_index=&#8221;&#8221;][vc_column width=&#8221;1\/4&#8243;][vc_column_text]<\/p>\n<h3>\u041f\u0440\u043e \u043f\u0440\u043e\u0454\u043a\u0442<\/h3>\n<p>[\/vc_column_text][vc_empty_space][\/vc_column][vc_column width=&#8221;3\/4&#8243;][vc_row_inner row_type=&#8221;row&#8221; type=&#8221;full_width&#8221; text_align=&#8221;left&#8221; css_animation=&#8221;&#8221;][vc_column_inner width=&#8221;1\/2&#8243;][vc_empty_space height=&#8221;10px&#8221;][vc_column_text]\u041a\u0440\u0430\u0441\u0438\u0432\u043e \u0456\u043b\u044e\u0441\u0442\u0440\u043e\u0432\u0430\u043d\u0438\u0439, \u0437\u0431\u0430\u0433\u0430\u0447\u0435\u043d\u0438\u0439 \u0434\u043e\u0434\u0430\u0442\u043a\u043e\u0432\u0438\u043c\u0438 \u0435\u043b\u0435\u043c\u0435\u043d\u0442\u0430\u043c\u0438, \u0442\u0430\u043a\u0438\u043c\u0438 \u044f\u043a \u0430\u043f\u043b\u0456\u043a\u0430\u0446\u0456\u0457 \u0442\u0430\u2028\u0440\u043e\u0437\u043c\u0430\u043b\u044c\u043e\u0432\u043a\u0438, \u0437\u0430\u0432\u0434\u044f\u043a\u0438 \u044f\u043a\u0438\u043c \u0432\u0438\u0432\u0447\u0430\u0442\u0438 \u043f\u043e\u043b\u044c\u0441\u044c\u043a\u0443 \u043c\u043e\u0432\u0443 \u0431\u0443\u0434\u0435 \u043b\u0435\u0433\u043a\u043e \u0442\u0430 \u043f\u0440\u0438\u0454\u043c\u043d\u043e.\u2028\u041f\u0456\u0434\u0433\u043e\u0442\u043e\u0432\u043b\u0435\u043d\u043e \u0434\u043b\u044f \u0434\u0456\u0442\u0435\u0439 \u0437 \u0423\u043a\u0440\u0430\u0457\u043d\u0438, \u0430\u043b\u0435 \u0441\u0442\u0430\u043d\u0435 \u0432 \u043f\u0440\u0438\u0433\u043e\u0434\u0456 \u0439 \u043f\u043e\u043b\u044c\u0441\u044c\u043a\u0438\u043c \u0434\u0456\u0442\u044f\u043c.<\/p>\n<p>&nbsp;<\/p>\n<p>\u041f\u0440\u0435\u0434\u0441\u0442\u0430\u0432\u043b\u044f\u0454\u043c\u043e \u0432\u0430\u043c \u041c\u0430\u043a\u0441\u0430, \u041d\u0456\u043d\u0443, \u0410\u043b\u0435\u043a\u0441\u0430, \u0410\u043b\u0443. \u0421\u0430\u043c\u0435 \u0437 \u043d\u0438\u043c\u0438 \u0432\u0438 \u043f\u043e\u0442\u0440\u0430\u043f\u0438\u0442\u0435 \u0432 \u0447\u0430\u0440\u0456\u0432\u043d\u0438\u0439 \u0441\u0432\u0456\u0442 \u043b\u0456\u0442\u0435\u0440, \u043d\u0430\u0432\u0447\u0438\u0442\u0435\u0441\u044f \u0447\u0438\u0442\u0430\u0442\u0438 \u043e\u043a\u0440\u0435\u043c\u0456 \u0441\u043b\u043e\u0432\u0430 \u0442\u0430 \u043f\u0440\u043e\u0441\u0442\u0456 \u0440\u0435\u0447\u0435\u043d\u043d\u044f \u043f\u043e \u0441\u043a\u043b\u0430\u0434\u0430\u0445, \u0431\u0443\u0434\u0435\u0442\u0435 \u0437\u043d\u0430\u0442\u0438\u2028\u043d\u0430\u0437\u0432\u0438 \u0442\u0432\u0430\u0440\u0438\u043d, \u0442\u0440\u0430\u043d\u0441\u043f\u043e\u0440\u0442\u043d\u0438\u0445 \u0437\u0430\u0441\u043e\u0431\u0456\u0432, \u043f\u0440\u043e\u0444\u0435\u0441\u0456\u0439, \u0456\u043d\u0441\u0442\u0440\u0443\u043c\u0435\u043d\u0442\u0456\u0432, \u043f\u043e\u0432\u0441\u044f\u043a\u0434\u0435\u043d\u043d\u043e\u0457 \u0434\u0456\u044f\u043b\u044c\u043d\u043e\u0441\u0442\u0456 \u0442\u0430 \u0456\u043d\u0448\u0456\u2028\u0441\u043b\u043e\u0432\u0430, \u044f\u043a\u0456 \u043c\u0438 \u0432\u0438\u043a\u043e\u0440\u0438\u0441\u0442\u043e\u0432\u0443\u0454\u043c\u043e, \u0449\u043e\u0431 \u0433\u043e\u0432\u043e\u0440\u0438\u0442\u0438 \u043f\u0440\u043e \u043d\u0430\u0448\u0435 \u043d\u0430\u0439\u0431\u043b\u0438\u0436\u0447\u0435 \u043e\u0442\u043e\u0447\u0435\u043d\u043d\u044f.[\/vc_column_text][\/vc_column_inner][vc_column_inner width=&#8221;1\/2&#8243;][vc_empty_space height=&#8221;10px&#8221;][vc_column_text]\u0411\u0443\u043a\u0432\u0430\u0440 \u2013 \u043a\u043d\u0438\u0436\u043a\u0430, \u043f\u0440\u0438\u0437\u043d\u0430\u0447\u0435\u043d\u0430 \u044f\u043a \u0434\u043b\u044f \u0443\u043a\u0440\u0430\u0457\u043d\u0441\u044c\u043a\u0438\u0445, \u0442\u0430\u043a \u0456 \u0434\u043b\u044f \u043f\u043e\u043b\u044c\u0441\u044c\u043a\u0438\u0445 \u0434\u0456\u0442\u0435\u0439, \u044f\u043a\u0456\u2028\u043f\u043e\u0447\u0438\u043d\u0430\u044e\u0442\u044c \u0432\u0438\u0432\u0447\u0430\u0442\u0438 \u043f\u043e\u043b\u044c\u0441\u044c\u043a\u0443 \u043c\u043e\u0432\u0443. \u0423 \u043d\u0430\u0448\u043e\u043c\u0443 \u0411\u0443\u043a\u0432\u0430\u0440\u0456 \u043d\u0435\u043c\u0430\u0454 \u043c\u0456\u0441\u0446\u044f \u0434\u043b\u044f \u043d\u0443\u0434\u044c\u0433\u0438.\u2028\u0423 \u043d\u044c\u043e\u043c\u0443 \u0432\u0438 \u0437\u043d\u0430\u0439\u0434\u0435\u0442\u0435 \u043f\u0440\u043e\u0441\u0442\u0456 \u0441\u043b\u043e\u0432\u043d\u0438\u043a\u043e\u0432\u0456 \u0442\u0430 \u0433\u0440\u0430\u043c\u0430\u0442\u0438\u0447\u043d\u0456 \u0432\u043f\u0440\u0430\u0432\u0438, \u043f\u0456\u0434\u0433\u043e\u0442\u043e\u0432\u043b\u0435\u043d\u0456 \u0437\u0430\u0432\u0434\u0430\u043d\u043d\u044f\u2028\u0437 \u043c\u0435\u0442\u043e\u044e \u0440\u043e\u0437\u0432\u0438\u0442\u043a\u0443 \u043d\u0430\u0432\u0438\u0447\u043e\u043a \u0441\u043b\u0443\u0445\u0430\u043d\u043d\u044f \u0442\u0430 \u043f\u043e\u0432\u0442\u043e\u0440\u0435\u043d\u043d\u044f, \u0440\u043e\u0437\u0443\u043c\u0456\u043d\u043d\u044f \u0442\u0430 \u0441\u0430\u043c\u043e\u0432\u043f\u0435\u0432\u043d\u0435\u043d\u043e\u0441\u0442\u0456\u2028\u0433\u043e\u0432\u043e\u0440\u0456\u043d\u043d\u044f \u0442\u0430 \u0447\u0438\u0442\u0430\u043d\u043d\u044f. \u0426\u0435 \u043a\u043d\u0438\u0436\u043a\u0430 \u0441\u0442\u0432\u043e\u0440\u0435\u043d\u0430 \u0434\u043b\u044f \u0442\u043e\u0433\u043e, \u0449\u043e\u0431 \u0447\u0438\u0442\u0430\u0442\u0438, \u0433\u0440\u0430\u0442\u0438\u0441\u044f \u0442\u0430 \u0440\u043e\u0437\u043c\u043e\u0432\u043b\u044f\u0442\u0438. \u0414\u043b\u044f\u2028\u0434\u0456\u0442\u0435\u0439, \u0431\u0430\u0442\u044c\u043a\u0456\u0432, \u0432\u0447\u0438\u0442\u0435\u043b\u0456\u0432 \u0442\u0430 \u043b\u043e\u0433\u043e\u043f\u0435\u0434\u0456\u0432.[\/vc_column_text][\/vc_column_inner][\/vc_row_inner][vc_empty_space][vc_video link=&#8221;https:\/\/www.youtube.com\/watch?v=qybTWyWwkvk&#8221;][\/vc_column][\/vc_row][vc_row css_animation=&#8221;&#8221; row_type=&#8221;row&#8221; use_row_as_full_screen_section=&#8221;no&#8221; type=&#8221;grid&#8221; angled_section=&#8221;no&#8221; text_align=&#8221;left&#8221; background_image_as_pattern=&#8221;without_pattern&#8221; anchor=&#8221;o-nas&#8221; z_index=&#8221;&#8221; css=&#8221;.vc_custom_1653407808004{padding-top: 80px !important;}&#8221;][vc_column][vc_separator type=&#8221;normal&#8221;][\/vc_column][\/vc_row][vc_row css_animation=&#8221;&#8221; row_type=&#8221;row&#8221; use_row_as_full_screen_section=&#8221;no&#8221; type=&#8221;grid&#8221; angled_section=&#8221;no&#8221; text_align=&#8221;left&#8221; background_image_as_pattern=&#8221;without_pattern&#8221; css=&#8221;.vc_custom_1671674277156{padding-top: 30px !important;padding-bottom: 150px !important;}&#8221; z_index=&#8221;&#8221;][vc_column width=&#8221;1\/4&#8243;][vc_column_text]<\/p>\n<h3>\u0417\u0430\u0432\u0430\u043d\u0442\u0430\u0436\u0438\u0442\u0438 \u0411\u0443\u043a\u0432\u0430\u0440<\/h3>\n<p>[\/vc_column_text][vc_empty_space][\/vc_column][vc_column width=&#8221;3\/4&#8243;][vc_row_inner row_type=&#8221;row&#8221; type=&#8221;full_width&#8221; text_align=&#8221;left&#8221; css_animation=&#8221;&#8221;][vc_column_inner][vc_empty_space height=&#8221;10px&#8221;][vc_single_image image=&#8221;1753&#8243; img_size=&#8221;full&#8221; onclick=&#8221;custom_link&#8221; img_link_target=&#8221;_blank&#8221; qode_css_animation=&#8221;&#8221; qode_hover_animation=&#8221;zoom_in&#8221; link=&#8221;https:\/\/fine.ngo\/wp-content\/uploads\/2022\/12\/elementarz_www_pobierz_1.pdf&#8221;][\/vc_column_inner][\/vc_row_inner][\/vc_column][\/vc_row][vc_row css_animation=&#8221;&#8221; row_type=&#8221;row&#8221; use_row_as_full_screen_section=&#8221;no&#8221; type=&#8221;grid&#8221; angled_section=&#8221;no&#8221; text_align=&#8221;left&#8221; background_image_as_pattern=&#8221;without_pattern&#8221; z_index=&#8221;&#8221; css=&#8221;.vc_custom_1671047574829{padding-top: 80px !important;padding-bottom: 80px !important;background-color: #000000 !important;}&#8221; el_id=&#8221;6&#8243; anchor=&#8221;kontakt&#8221;][vc_column width=&#8221;1\/4&#8243;][vc_column_text]<\/p>\n<h3><span style=\"color: #f2f2f2;\"> \u041a\u043e\u043d\u0442\u0430\u043a\u0442 <\/span><\/h3>\n<p>[\/vc_column_text][vc_empty_space][vc_column_text]<span style=\"color: #f2f2f2;\"><strong>Krak\u00f3w<\/strong><\/span><\/p>\n<p><span style=\"color: #f2f2f2;\">Kamienica Hetma\u0144ska<\/span><br \/>\n<span style=\"color: #f2f2f2;\">Rynek G\u0142\u00f3wny 17<\/span><br \/>\n<span style=\"color: #f2f2f2;\">(wej\u015bcie od ul. Brackiej)<\/span><\/p>\n<p>&nbsp;<\/p>\n<p><span style=\"color: #f2f2f2;\">e-mail:<\/span> <a href=\"mailto:be@fine.ngo\" target=\"_blank\" rel=\"noopener\">be@fine.ngo<\/a><\/p>\n<p>[\/vc_column_text][vc_empty_space height=&#8221;15px&#8221;][vc_column_text]<span class='q_social_icon_holder circle_social' data-color=#000000 data-hover-background-color=#000000 data-hover-border-color=#000000 data-hover-color=#fff><a itemprop='url' href='https:\/\/www.facebook.com\/FINEKRAKOW' target='_self'><span class='fa-stack ' style='background-color: #ffffff;border-color: #000000;border-width: 2px;margin: 0 0 0 0;font-size: 17px;'><i class=\"qode_icon_font_awesome fa fa-facebook-f \" style=\"color: #000000;font-size: 17px;\" ><\/i><\/span><\/a><\/span><span class='q_social_icon_holder circle_social' data-color=#000000 data-hover-background-color=#000000 data-hover-border-color=#000000 data-hover-color=#fff><a itemprop='url' href='https:\/\/www.instagram.com\/fine.ngo\/' target='_self'><span class='fa-stack ' style='background-color: #ffffff;border-color: #000000;border-width: 2px;margin: 0 0 0 25px;font-size: 17px;'><i class=\"qode_icon_font_awesome fa fa-instagram \" style=\"color: #000000;font-size: 17px;\" ><\/i><\/span><\/a><\/span><span class='q_social_icon_holder circle_social' data-color=#000000 data-hover-background-color=#000000 data-hover-border-color=#000000 data-hover-color=#fff><a itemprop='url' href='https:\/\/www.youtube.com\/channel\/UCoeb7gf1cWQmDqtXtQNyzMg' target='_self'><span class='fa-stack ' style='background-color: #ffffff;border-color: #000000;border-width: 2px;margin: 0 0 0 25px;font-size: 17px;'><i class=\"qode_icon_font_awesome fa fa-youtube \" style=\"color: #000000;font-size: 17px;\" ><\/i><\/span><\/a><\/span>[\/vc_column_text][vc_empty_space height=&#8221;15px&#8221;][vc_column_text]<a href=\"https:\/\/fine.ngo\/wp-content\/uploads\/2022\/12\/Polityka-prywatnosci.pdf\"><strong>\u041f\u043e\u043b\u0456\u0442\u0438\u043a\u0430 \u043a\u043e\u043d\u0444\u0456\u0434\u0435\u043d\u0446\u0456\u0439\u043d\u043e\u0441\u0442\u0456<\/strong><\/a>[\/vc_column_text][vc_empty_space height=&#8221;20px&#8221;][\/vc_column][vc_column width=&#8221;3\/4&#8243;]<div class='google_map_shortcode_holder' style='height:600px;'><div class='qode_google_map' style='height:600px;' id='map_canvas_53900' data-addresses='[\"Krak\u00f3w, Rynek G\u0142\u00f3wny 17\"]' data-custom-map-style='false' data-color-overlay='#393939' data-saturation='-100' data-lightness='-60' data-zoom='14' data-pin='https:\/\/fine.ngo\/wp-content\/uploads\/2022\/11\/pin_ikona3.png' data-unique-id='53900' data-google-maps-scroll-wheel='false' data-snazzy-map-style='no' data-map-height='600'><\/div><div class='google_map_shortcode_overlay'><\/div><\/div>[\/vc_column][\/vc_row]<\/p>\n<\/section>","protected":false},"excerpt":{"rendered":"<p>[vc_row css_animation=&#8221;&#8221; row_type=&#8221;row&#8221; use_row_as_full_screen_section=&#8221;no&#8221; type=&#8221;grid&#8221; angled_section=&#8221;no&#8221; text_align=&#8221;left&#8221; background_image_as_pattern=&#8221;without_pattern&#8221; z_index=&#8221;&#8221; anchor=&#8221;home&#8221;][vc_column width=&#8221;1\/4&#8243; offset=&#8221;vc_hidden-xs&#8221;][vc_empty_space height=&#8221;375&#8243;][vc_column_text] \u0411\u0443\u043a\u0432\u0430\u0440 [\/vc_column_text][vc_empty_space height=&#8221;15&#8243;][vc_column_text]\u041f\u0456\u0434\u0440\u0443\u0447\u043d\u0438\u043a \u0434\u043b\u044f \u043d\u0430\u0443\u043a\u0438 \u0447\u0438\u0442\u0430\u043d\u043d\u044f \u0434\u043b\u044f \u0434\u0456\u0442\u0435\u0439 \u0437 \u0423\u043a\u0440\u0430\u0457\u043d\u0438. \u041f\u0435\u0440\u0448\u0456 \u043a\u0440\u043e\u043a\u0438 \u0443 \u0432\u0438\u0432\u0447\u0435\u043d\u043d\u0456 \u043f\u043e\u043b\u044c\u0441\u044c\u043a\u043e\u0457 \u043c\u043e\u0432\u0438.[\/vc_column_text][vc_empty_space height=&#8221;15&#8243;][\/vc_column][vc_column width=&#8221;3\/4&#8243; offset=&#8221;vc_hidden-xs&#8221;][vc_single_image image=&#8221;1784&#8243; img_size=&#8221;full&#8221; qode_css_animation=&#8221;&#8221;][\/vc_column][\/vc_row][vc_row css_animation=&#8221;&#8221; row_type=&#8221;row&#8221; use_row_as_full_screen_section=&#8221;no&#8221; type=&#8221;full_width&#8221; angled_section=&#8221;no&#8221; text_align=&#8221;left&#8221; background_image_as_pattern=&#8221;without_pattern&#8221; z_index=&#8221;&#8221; anchor=&#8221;home&#8221;][vc_column offset=&#8221;vc_hidden-lg&#8230;<\/p>\n","protected":false},"author":1,"featured_media":0,"parent":0,"menu_order":0,"comment_status":"closed","ping_status":"closed","template":"full_width.php","meta":{"footnotes":""},"class_list":["post-1907","page","type-page","status-publish","hentry"],"_links":{"self":[{"href":"https:\/\/fine.ngo\/uk\/wp-json\/wp\/v2\/pages\/1907","targetHints":{"allow":["GET"]}}],"collection":[{"href":"https:\/\/fine.ngo\/uk\/wp-json\/wp\/v2\/pages"}],"about":[{"href":"https:\/\/fine.ngo\/uk\/wp-json\/wp\/v2\/types\/page"}],"author":[{"embeddable":true,"href":"https:\/\/fine.ngo\/uk\/wp-json\/wp\/v2\/users\/1"}],"replies":[{"embeddable":true,"href":"https:\/\/fine.ngo\/uk\/wp-json\/wp\/v2\/comments?post=1907"}],"version-history":[{"count":19,"href":"https:\/\/fine.ngo\/uk\/wp-json\/wp\/v2\/pages\/1907\/revisions"}],"predecessor-version":[{"id":2447,"href":"https:\/\/fine.ngo\/uk\/wp-json\/wp\/v2\/pages\/1907\/revisions\/2447"}],"wp:attachment":[{"href":"https:\/\/fine.ngo\/uk\/wp-json\/wp\/v2\/media?parent=1907"}],"curies":[{"name":"wp","href":"https:\/\/api.w.org\/{rel}","templated":true}]}}