{"id":1914,"date":"2023-01-10T10:08:05","date_gmt":"2023-01-10T09:08:05","guid":{"rendered":"https:\/\/fine.ngo\/%d1%80%d0%b0%d0%b4%d1%96%d0%be%d0%bf%d1%94%d1%81%d0%b0-%d0%b4%d0%b0%d0%bb%d0%b5%d0%ba%d0%be-%d1%96-%d0%b1%d0%bb%d0%b8%d0%b7%d1%8c%d0%ba%d0%be\/"},"modified":"2023-01-13T19:34:13","modified_gmt":"2023-01-13T18:34:13","slug":"%d1%80%d0%b0%d0%b4%d1%96%d0%be%d0%bf%d1%94%d1%81%d0%b0-%d0%b4%d0%b0%d0%bb%d0%b5%d0%ba%d0%be-%d1%96-%d0%b1%d0%bb%d0%b8%d0%b7%d1%8c%d0%ba%d0%be","status":"publish","type":"page","link":"https:\/\/fine.ngo\/uk\/%d1%80%d0%b0%d0%b4%d1%96%d0%be%d0%bf%d1%94%d1%81%d0%b0-%d0%b4%d0%b0%d0%bb%d0%b5%d0%ba%d0%be-%d1%96-%d0%b1%d0%bb%d0%b8%d0%b7%d1%8c%d0%ba%d0%be\/","title":{"rendered":"\u0420\u0430\u0434\u0456\u043e\u043f&#8217;\u0454\u0441\u0430\u2028\u2028 \u0414\u0430\u043b\u0435\u043a\u043e \u0456 \u0411\u043b\u0438\u0437\u044c\u043a\u043e\u2028"},"content":{"rendered":"<section class=\"wpb-content-wrapper\"><p>[vc_row css_animation=&#8221;&#8221; row_type=&#8221;row&#8221; use_row_as_full_screen_section=&#8221;no&#8221; type=&#8221;grid&#8221; angled_section=&#8221;no&#8221; text_align=&#8221;left&#8221; background_image_as_pattern=&#8221;without_pattern&#8221; z_index=&#8221;&#8221; anchor=&#8221;home&#8221;][vc_column width=&#8221;1\/4&#8243; offset=&#8221;vc_hidden-xs&#8221;][vc_empty_space height=&#8221;350&#8243;][vc_column_text]<\/p>\n<h3>\u0420\u0430\u0434\u0456\u043e\u043f&#8217;\u0454\u0441\u0430<br \/>\n<em>\u0414\u0430\u043b\u0435\u043a\u043e \u0456 \u0411\u043b\u0438\u0437\u044c\u043a\u043e<\/em><\/h3>\n<p>[\/vc_column_text][vc_empty_space height=&#8221;15px&#8221;][vc_column_text]\u0421\u0442\u0430\u0440\u0456, \u043d\u0435\u0432\u0456\u0434\u043e\u043c\u0456 \u0456\u0441\u0442\u043e\u0440\u0456\u0457 \u0442\u0430 \u043a\u0430\u0437\u043a\u0438, \u044f\u043a\u0456 \u043f\u0435\u0440\u0435\u043d\u043e\u0441\u044f\u0442\u044c \u043d\u0430\u0441 \u0443 \u043c\u0443\u0437\u0438\u0447\u043d\u0443 \u043f\u043e\u0434\u043e\u0440\u043e\u0436 \u0456 \u0434\u043e\u0437\u0432\u043e\u043b\u044f\u044e\u0442\u044c \u043f\u0456\u0437\u043d\u0430\u0442\u0438 \u0441\u0432\u0456\u0442 \u2013 \u0431\u043b\u0438\u0437\u044c\u043a\u0438\u0439 \u0456 \u0434\u0430\u043b\u0435\u043a\u0438\u0439, \u0432\u0456\u0434\u043e\u043c\u0438\u0439 \u0456 \u043d\u0435\u0432\u0456\u0434\u043e\u043c\u0438\u0439, \u0432\u0438\u0433\u0430\u0434\u0430\u043d\u0438\u0439 \u0456 \u0446\u0456\u043b\u043a\u043e\u043c \u0440\u0435\u0430\u043b\u044c\u043d\u0438\u0439.[\/vc_column_text][\/vc_column][vc_column width=&#8221;3\/4&#8243; offset=&#8221;vc_hidden-xs&#8221;][vc_single_image image=&#8221;1613&#8243; img_size=&#8221;full&#8221; qode_css_animation=&#8221;&#8221;][\/vc_column][\/vc_row][vc_row css_animation=&#8221;&#8221; row_type=&#8221;row&#8221; use_row_as_full_screen_section=&#8221;no&#8221; type=&#8221;full_width&#8221; angled_section=&#8221;no&#8221; text_align=&#8221;left&#8221; background_image_as_pattern=&#8221;without_pattern&#8221; z_index=&#8221;&#8221; anchor=&#8221;home&#8221;][vc_column offset=&#8221;vc_hidden-lg vc_hidden-md vc_hidden-sm&#8221;][vc_single_image image=&#8221;1613&#8243; img_size=&#8221;full&#8221; qode_css_animation=&#8221;&#8221;][\/vc_column][\/vc_row][vc_row css_animation=&#8221;&#8221; row_type=&#8221;row&#8221; use_row_as_full_screen_section=&#8221;no&#8221; type=&#8221;grid&#8221; angled_section=&#8221;no&#8221; text_align=&#8221;left&#8221; background_image_as_pattern=&#8221;without_pattern&#8221; anchor=&#8221;o-nas&#8221; z_index=&#8221;&#8221; css=&#8221;.vc_custom_1653407808004{padding-top: 80px !important;}&#8221;][vc_column][vc_separator type=&#8221;normal&#8221;][\/vc_column][\/vc_row][vc_row css_animation=&#8221;&#8221; row_type=&#8221;row&#8221; use_row_as_full_screen_section=&#8221;no&#8221; type=&#8221;grid&#8221; angled_section=&#8221;no&#8221; text_align=&#8221;left&#8221; background_image_as_pattern=&#8221;without_pattern&#8221; anchor=&#8221;onas&#8221; css=&#8221;.vc_custom_1651582313665{padding-top: 30px !important;}&#8221; z_index=&#8221;&#8221;][vc_column width=&#8221;1\/4&#8243;][vc_column_text]<\/p>\n<h3>\u041f\u0440\u043e \u043f\u0440\u043e\u0454\u043a\u0442<\/h3>\n<p>[\/vc_column_text][vc_empty_space][\/vc_column][vc_column width=&#8221;3\/4&#8243;][vc_row_inner row_type=&#8221;row&#8221; type=&#8221;full_width&#8221; text_align=&#8221;left&#8221; css_animation=&#8221;&#8221;][vc_column_inner width=&#8221;1\/2&#8243;][vc_empty_space height=&#8221;10px&#8221;][vc_column_text]\u0421\u0442\u0430\u0440\u0456, \u043d\u0435\u0432\u0456\u0434\u043e\u043c\u0456 \u0456\u0441\u0442\u043e\u0440\u0456\u0457 \u0442\u0430 \u043a\u0430\u0437\u043a\u0438, \u044f\u043a\u0456 \u0432\u0435\u0434\u0443\u0442\u044c \u043d\u0430\u0441 \u0443 \u043c\u0443\u0437\u0438\u0447\u043d\u0443 \u043f\u043e\u0434\u043e\u0440\u043e\u0436 \u0456 \u0434\u043e\u0437\u0432\u043e\u043b\u044f\u044e\u0442\u044c \u043d\u0430\u043c\u2028\u043f\u0456\u0437\u043d\u0430\u0432\u0430\u0442\u0438 \u0441\u0432\u0456\u0442 \u2013 \u0431\u043b\u0438\u0437\u044c\u043a\u0438\u0439 \u0456 \u0434\u0430\u043b\u0435\u043a\u0438\u0439, \u0432\u0456\u0434\u043e\u043c\u0438\u0439 \u0456 \u043d\u0435\u0432\u0456\u0434\u043e\u043c\u0438\u0439, \u0432\u0438\u0433\u0430\u0434\u0430\u043d\u0438\u0439 \u0456 \u0446\u0456\u043b\u043a\u043e\u043c \u0440\u0435\u0430\u043b\u044c\u043d\u0438\u0439.<br \/>\n\u0421\u0443\u043f\u0435\u0440\u0433\u0435\u0440\u043e\u0457 &#8211; \u0431\u0443\u0434\u0443\u0442\u044c! \u041d\u0430\u0439\u0440\u043e\u0437\u0443\u043c\u043d\u0456\u0448\u0456 \u0434\u0456\u0432\u0447\u0430\u0442\u0430 \u0443 \u0441\u0432\u0456\u0442\u0456 &#8211; \u0437\u0432\u0438\u0447\u0430\u0439\u043d\u043e!\u2028\u0406\u0441\u0442\u043e\u0442\u0438 \u043d\u0435 \u0437 \u0446\u044c\u043e\u0433\u043e \u0441\u0432\u0456\u0442\u0443 &#8211; \u0437\u0432\u0438\u0447\u0430\u0439\u043d\u043e! \u0406 \u043a\u0440\u0456\u043c \u0446\u044c\u043e\u0433\u043e \u0449\u0435 \u0442\u0440\u043e\u0445\u0438 \u043d\u043e\u0432\u0438\u0445 \u0437\u043d\u0430\u043d\u044c. [\/vc_column_text][\/vc_column_inner][vc_column_inner width=&#8221;1\/2&#8243;][vc_empty_space height=&#8221;10px&#8221;][vc_column_text]\u0414\u0435\u044f\u043a\u0456 \u0437 \u0446\u0438\u0445 \u0456\u0441\u0442\u043e\u0440\u0456\u0439 \u0432\u0438 \u043d\u0435 \u0437\u043d\u0430\u0439\u0434\u0435\u0442\u0435 \u0432 \u0436\u043e\u0434\u043d\u0456\u0439 \u043a\u043d\u0438\u0437\u0456. \u0406 \u0437\u0430\u0432\u0434\u044f\u043a\u0438 \u0457\u043c\u2028\u0432\u0438 \u0434\u043e\u0437\u0432\u043e\u043b\u0438\u0442\u0435 \u0441\u0432\u043e\u0457\u0439 \u0443\u044f\u0432\u0456 \u043b\u0456\u0442\u0430\u0442\u0438, \u0441\u0432\u043e\u0457\u043c \u043f\u043e\u0447\u0443\u0442\u0442\u044f\u043c &#8211; \u0440\u043e\u0437\u0433\u0443\u043b\u044f\u0442\u0438\u0441\u044f, \u0441\u0432\u043e\u0454\u043c\u0443 \u0440\u043e\u0437\u0443\u043c\u0443 &#8211; \u043d\u0430\u0441\u043e\u043b\u043e\u0434\u0436\u0443\u0432\u0430\u0442\u0438\u0441\u044f. \u0406 \u043f\u043e\u0437\u043d\u0430\u0439\u043e\u043c\u0438\u0442\u0435\u0441\u044f \u0437 \u0440\u0456\u0437\u043d\u0438\u043c\u0438 \u043a\u0443\u043b\u044c\u0442\u0443\u0440\u0430\u043c\u0438 \u0442\u0430 \u043a\u0440\u0430\u0457\u043d\u0430\u043c\u0438. \u0406 \u043f\u043e\u0431\u0430\u0447\u0438\u0442\u0435, \u043d\u0430\u0441\u043a\u0456\u043b\u044c\u043a\u0438 \u043c\u0438, \u043b\u044e\u0434\u0438, \u0431\u043b\u0438\u0437\u044c\u043a\u0456 \u043e\u0434\u043d\u0435 \u0434\u043e \u043e\u0434\u043d\u043e\u0433\u043e. \u042f\u043a\u0456\u2028\u043c\u0438 \u0441\u0445\u043e\u0436\u0456 \u0442\u0430 \u0440\u0456\u0437\u043d\u0456 \u0432\u043e\u0434\u043d\u043e\u0447\u0430\u0441.<br \/>\n\u0406 \u044f\u043a \u0436\u0435 \u0446\u0435 \u0447\u0443\u0434\u043e\u0432\u043e!\u2028[\/vc_column_text][\/vc_column_inner][\/vc_row_inner][\/vc_column][\/vc_row][vc_row css_animation=&#8221;&#8221; row_type=&#8221;row&#8221; use_row_as_full_screen_section=&#8221;no&#8221; type=&#8221;grid&#8221; angled_section=&#8221;no&#8221; text_align=&#8221;left&#8221; background_image_as_pattern=&#8221;without_pattern&#8221; anchor=&#8221;o-nas&#8221; z_index=&#8221;&#8221; css=&#8221;.vc_custom_1653407808004{padding-top: 80px !important;}&#8221;][vc_column][vc_separator type=&#8221;normal&#8221;][\/vc_column][\/vc_row][vc_row css_animation=&#8221;&#8221; row_type=&#8221;row&#8221; use_row_as_full_screen_section=&#8221;no&#8221; type=&#8221;grid&#8221; angled_section=&#8221;no&#8221; text_align=&#8221;left&#8221; background_image_as_pattern=&#8221;without_pattern&#8221; anchor=&#8221;onas&#8221; css=&#8221;.vc_custom_1671134502439{border-bottom-width: 80px !important;padding-top: 30px !important;}&#8221; z_index=&#8221;&#8221;][vc_column width=&#8221;1\/4&#8243;][vc_column_text]<\/p>\n<h3>\u041f\u043e\u0441\u043b\u0443\u0445\u0430\u0439<\/h3>\n<p>[\/vc_column_text][vc_empty_space][\/vc_column][vc_column width=&#8221;3\/4&#8243;][vc_row_inner row_type=&#8221;row&#8221; type=&#8221;full_width&#8221; text_align=&#8221;left&#8221; css_animation=&#8221;&#8221; css=&#8221;.vc_custom_1671135326692{padding-bottom: 80px !important;}&#8221;][vc_column_inner][vc_empty_space height=&#8221;10px&#8221;][vc_column_text]<iframe loading=\"lazy\" src=\"https:\/\/w.soundcloud.com\/player\/?url=https%3A\/\/api.soundcloud.com\/playlists\/1541972029&amp;color=%23ff5500&amp;auto_play=false&amp;hide_related=false&amp;show_comments=true&amp;show_user=true&amp;show_reposts=false&amp;show_teaser=true\" width=\"100%\" height=\"450\" frameborder=\"no\" scrolling=\"no\"><\/iframe><\/p>\n<div style=\"font-size: 10px; color: #cccccc; line-break: anywhere; word-break: normal; overflow: hidden; white-space: nowrap; text-overflow: ellipsis; font-family: Interstate,Lucida Grande,Lucida Sans Unicode,Lucida Sans,Garuda,Verdana,Tahoma,sans-serif; font-weight: 100;\"><a style=\"color: #cccccc; text-decoration: none;\" title=\"Fundacja Fine\" href=\"https:\/\/soundcloud.com\/fundacja-fine\" target=\"_blank\" rel=\"noopener\">Fundacja Fine<\/a> \u00b7 <a style=\"color: #cccccc; text-decoration: none;\" title=\"S\u0142uchowisko Daleko i Blisko. Ba\u015bnie i legendy ukrai\u0144skie\" href=\"https:\/\/soundcloud.com\/fundacja-fine\/sets\/sluchowisko-daleko-i-blisko-basnie-i-legendy-ukrainskie\" target=\"_blank\" rel=\"noopener\">S\u0142uchowisko Daleko i Blisko. Ba\u015bnie i legendy ukrai\u0144skie<\/a><\/div>\n<p>[\/vc_column_text][\/vc_column_inner][\/vc_row_inner][\/vc_column][\/vc_row][vc_row css_animation=&#8221;&#8221; row_type=&#8221;row&#8221; use_row_as_full_screen_section=&#8221;no&#8221; type=&#8221;grid&#8221; angled_section=&#8221;no&#8221; text_align=&#8221;left&#8221; background_image_as_pattern=&#8221;without_pattern&#8221; z_index=&#8221;&#8221; css=&#8221;.vc_custom_1671047574829{padding-top: 80px !important;padding-bottom: 80px !important;background-color: #000000 !important;}&#8221; el_id=&#8221;6&#8243; anchor=&#8221;kontakt&#8221;][vc_column width=&#8221;1\/4&#8243;][vc_column_text]<\/p>\n<h3><span style=\"color: #f2f2f2;\">\u041a\u043e\u043d\u0442\u0430\u043a\u0442<\/span><\/h3>\n<p>[\/vc_column_text][vc_empty_space][vc_column_text]<span style=\"color: #f2f2f2;\"><strong>Krak\u00f3w<\/strong><\/span><\/p>\n<p><span style=\"color: #f2f2f2;\">Kamienica Hetma\u0144ska<\/span><br \/>\n<span style=\"color: #f2f2f2;\">Rynek G\u0142\u00f3wny 17<\/span><br \/>\n<span style=\"color: #f2f2f2;\">(wej\u015bcie od ul. Brackiej)<\/span><\/p>\n<p>&nbsp;<\/p>\n<p><span style=\"color: #f2f2f2;\">e-mail:<\/span> <a href=\"mailto:be@fine.ngo\" target=\"_blank\" rel=\"noopener\">be@fine.ngo<\/a>[\/vc_column_text][vc_empty_space height=&#8221;15px&#8221;][vc_column_text]<span class='q_social_icon_holder circle_social' data-color=#000000 data-hover-background-color=#000000 data-hover-border-color=#000000 data-hover-color=#fff><a itemprop='url' href='https:\/\/www.facebook.com\/FINEKRAKOW' target='_self'><span class='fa-stack ' style='background-color: #ffffff;border-color: #000000;border-width: 2px;margin: 0 0 0 0;font-size: 17px;'><i class=\"qode_icon_font_awesome fa fa-facebook-f \" style=\"color: #000000;font-size: 17px;\" ><\/i><\/span><\/a><\/span><span class='q_social_icon_holder circle_social' data-color=#000000 data-hover-background-color=#000000 data-hover-border-color=#000000 data-hover-color=#fff><a itemprop='url' href='https:\/\/www.instagram.com\/fine.ngo\/' target='_self'><span class='fa-stack ' style='background-color: #ffffff;border-color: #000000;border-width: 2px;margin: 0 0 0 25px;font-size: 17px;'><i class=\"qode_icon_font_awesome fa fa-instagram \" style=\"color: #000000;font-size: 17px;\" ><\/i><\/span><\/a><\/span><span class='q_social_icon_holder circle_social' data-color=#000000 data-hover-background-color=#000000 data-hover-border-color=#000000 data-hover-color=#fff><a itemprop='url' href='https:\/\/www.youtube.com\/channel\/UCoeb7gf1cWQmDqtXtQNyzMg' target='_self'><span class='fa-stack ' style='background-color: #ffffff;border-color: #000000;border-width: 2px;margin: 0 0 0 25px;font-size: 17px;'><i class=\"qode_icon_font_awesome fa fa-youtube \" style=\"color: #000000;font-size: 17px;\" ><\/i><\/span><\/a><\/span>[\/vc_column_text][vc_empty_space height=&#8221;15px&#8221;][vc_column_text]<a href=\"https:\/\/fine.ngo\/wp-content\/uploads\/2022\/12\/Polityka-prywatnosci.pdf\"><strong>\u041f\u043e\u043b\u0456\u0442\u0438\u043a\u0430 \u043a\u043e\u043d\u0444\u0456\u0434\u0435\u043d\u0446\u0456\u0439\u043d\u043e\u0441\u0442\u0456<\/strong><\/a>[\/vc_column_text][vc_empty_space height=&#8221;20px&#8221;][\/vc_column][vc_column width=&#8221;3\/4&#8243;]<div class='google_map_shortcode_holder' style='height:600px;'><div class='qode_google_map' style='height:600px;' id='map_canvas_81770' data-addresses='[\"Krak\u00f3w, Rynek G\u0142\u00f3wny 17\"]' data-custom-map-style='false' data-color-overlay='#393939' data-saturation='-100' data-lightness='-60' data-zoom='14' data-pin='https:\/\/fine.ngo\/wp-content\/uploads\/2022\/11\/pin_ikona3.png' data-unique-id='81770' data-google-maps-scroll-wheel='false' data-snazzy-map-style='no' data-map-height='600'><\/div><div class='google_map_shortcode_overlay'><\/div><\/div>[\/vc_column][\/vc_row]<\/p>\n<\/section>","protected":false},"excerpt":{"rendered":"<p>[vc_row css_animation=&#8221;&#8221; row_type=&#8221;row&#8221; use_row_as_full_screen_section=&#8221;no&#8221; type=&#8221;grid&#8221; angled_section=&#8221;no&#8221; text_align=&#8221;left&#8221; background_image_as_pattern=&#8221;without_pattern&#8221; z_index=&#8221;&#8221; anchor=&#8221;home&#8221;][vc_column width=&#8221;1\/4&#8243; offset=&#8221;vc_hidden-xs&#8221;][vc_empty_space height=&#8221;350&#8243;][vc_column_text] \u0420\u0430\u0434\u0456\u043e\u043f&#8217;\u0454\u0441\u0430 \u0414\u0430\u043b\u0435\u043a\u043e \u0456 \u0411\u043b\u0438\u0437\u044c\u043a\u043e [\/vc_column_text][vc_empty_space height=&#8221;15px&#8221;][vc_column_text]\u0421\u0442\u0430\u0440\u0456, \u043d\u0435\u0432\u0456\u0434\u043e\u043c\u0456 \u0456\u0441\u0442\u043e\u0440\u0456\u0457 \u0442\u0430 \u043a\u0430\u0437\u043a\u0438, \u044f\u043a\u0456 \u043f\u0435\u0440\u0435\u043d\u043e\u0441\u044f\u0442\u044c \u043d\u0430\u0441 \u0443 \u043c\u0443\u0437\u0438\u0447\u043d\u0443 \u043f\u043e\u0434\u043e\u0440\u043e\u0436 \u0456 \u0434\u043e\u0437\u0432\u043e\u043b\u044f\u044e\u0442\u044c \u043f\u0456\u0437\u043d\u0430\u0442\u0438 \u0441\u0432\u0456\u0442 \u2013 \u0431\u043b\u0438\u0437\u044c\u043a\u0438\u0439 \u0456 \u0434\u0430\u043b\u0435\u043a\u0438\u0439, \u0432\u0456\u0434\u043e\u043c\u0438\u0439 \u0456 \u043d\u0435\u0432\u0456\u0434\u043e\u043c\u0438\u0439, \u0432\u0438\u0433\u0430\u0434\u0430\u043d\u0438\u0439 \u0456 \u0446\u0456\u043b\u043a\u043e\u043c \u0440\u0435\u0430\u043b\u044c\u043d\u0438\u0439.[\/vc_column_text][\/vc_column][vc_column width=&#8221;3\/4&#8243;&#8230;<\/p>\n","protected":false},"author":1,"featured_media":0,"parent":0,"menu_order":0,"comment_status":"closed","ping_status":"closed","template":"full_width.php","meta":{"footnotes":""},"class_list":["post-1914","page","type-page","status-publish","hentry"],"_links":{"self":[{"href":"https:\/\/fine.ngo\/uk\/wp-json\/wp\/v2\/pages\/1914","targetHints":{"allow":["GET"]}}],"collection":[{"href":"https:\/\/fine.ngo\/uk\/wp-json\/wp\/v2\/pages"}],"about":[{"href":"https:\/\/fine.ngo\/uk\/wp-json\/wp\/v2\/types\/page"}],"author":[{"embeddable":true,"href":"https:\/\/fine.ngo\/uk\/wp-json\/wp\/v2\/users\/1"}],"replies":[{"embeddable":true,"href":"https:\/\/fine.ngo\/uk\/wp-json\/wp\/v2\/comments?post=1914"}],"version-history":[{"count":9,"href":"https:\/\/fine.ngo\/uk\/wp-json\/wp\/v2\/pages\/1914\/revisions"}],"predecessor-version":[{"id":1998,"href":"https:\/\/fine.ngo\/uk\/wp-json\/wp\/v2\/pages\/1914\/revisions\/1998"}],"wp:attachment":[{"href":"https:\/\/fine.ngo\/uk\/wp-json\/wp\/v2\/media?parent=1914"}],"curies":[{"name":"wp","href":"https:\/\/api.w.org\/{rel}","templated":true}]}}